{"id":5961,"date":"2025-03-26T11:37:14","date_gmt":"2025-03-26T09:37:14","guid":{"rendered":"https:\/\/paragaea.gr\/product\/dressing-de-mustar-aegis-gourmet\/"},"modified":"2026-01-30T12:06:39","modified_gmt":"2026-01-30T10:06:39","slug":"dressing-de-mustar-aegis-gourmet","status":"publish","type":"product","link":"https:\/\/paragaea.gr\/ro\/produs\/dressing-de-mustar-aegis-gourmet\/","title":{"rendered":"Dressing de mu\u0219tar Aegis Gourmet"},"content":{"rendered":"","protected":false},"excerpt":{"rendered":"<p>Acest sos dulce \u0219i cremos este alc\u0103tuit din ulei de m\u0103sline extra virgin bl\u00e2nd, mu\u0219tar bl\u00e2nd, miere local\u0103, o\u021bet de vin \u0219i oregano s\u0103lbatic picant. Este perfect ca dressing pentru salate sau ca un companion excelent pentru somon afumat \u0219i carne la gr\u0103tar.<\/p>\n<p>V\u0103 rug\u0103m s\u0103 re\u021bine\u021bi c\u0103 data de expirare pentru aceast\u0103 lot este mai 2025<\/p>\n<p>230ml<\/p>\n<p><img loading=\"lazy\" class=\"size-medium wp-image-4343 aligncenter\" src=\"https:\/\/paragaea.gr\/wp-content\/uploads\/2021\/03\/gift-eshop-300x300.png\" alt=\"\" width=\"300\" height=\"300\" srcset=\"https:\/\/paragaea.gr\/wp-content\/uploads\/2021\/03\/gift-eshop-300x300.png 300w, https:\/\/paragaea.gr\/wp-content\/uploads\/2021\/03\/gift-eshop-150x150.png 150w, https:\/\/paragaea.gr\/wp-content\/uploads\/2021\/03\/gift-eshop-768x768.png 768w, https:\/\/paragaea.gr\/wp-content\/uploads\/2021\/03\/gift-eshop-600x600.png 600w, https:\/\/paragaea.gr\/wp-content\/uploads\/2021\/03\/gift-eshop-100x100.png 100w, https:\/\/paragaea.gr\/wp-content\/uploads\/2021\/03\/gift-eshop.png 800w\" sizes=\"(max-width: 300px) 100vw, 300px\" \/><\/p>\n","protected":false},"featured_media":5307,"template":"","meta":{"_mi_skip_tracking":false},"acf":[],"_links":{"self":[{"href":"https:\/\/paragaea.gr\/ro\/wp-json\/wp\/v2\/product\/5961"}],"collection":[{"href":"https:\/\/paragaea.gr\/ro\/wp-json\/wp\/v2\/product"}],"about":[{"href":"https:\/\/paragaea.gr\/ro\/wp-json\/wp\/v2\/types\/product"}],"wp:featuredmedia":[{"embeddable":true,"href":"https:\/\/paragaea.gr\/ro\/wp-json\/wp\/v2\/media\/5307"}],"wp:attachment":[{"href":"https:\/\/paragaea.gr\/ro\/wp-json\/wp\/v2\/media?parent=5961"}],"curies":[{"name":"wp","href":"https:\/\/api.w.org\/{rel}","templated":true}]}}