{"id":5962,"date":"2025-03-26T11:37:14","date_gmt":"2025-03-26T09:37:14","guid":{"rendered":"https:\/\/paragaea.gr\/product\/pasta-de-masline-aegis-gourmet\/"},"modified":"2025-03-26T11:37:15","modified_gmt":"2025-03-26T09:37:15","slug":"pasta-de-masline-aegis-gourmet","status":"publish","type":"product","link":"https:\/\/paragaea.gr\/ro\/produs\/pasta-de-masline-aegis-gourmet\/","title":{"rendered":"Past\u0103 de m\u0103sline Aegis Gourmet"},"content":{"rendered":"","protected":false},"excerpt":{"rendered":"<h2>Varietate<br \/>\nOlive Kalamata<\/h2>\n<p>Olivele Kalamata, ulei de m\u0103sline Elia, sare \u0219i o\u021bet. Gustul r\u0103m\u00e2ne foarte simplu, deoarece olivele Kalamata sunt cele mai bune m\u0103sline de mas\u0103 din Grecia. At\u00e2t de apetisante!<\/p>\n<p>Greutate(kg):\u00a00.36<\/p>\n<p>200gr<\/p>\n<h2><\/h2>\n<h2><\/h2>\n<h2><\/h2>\n","protected":false},"featured_media":5312,"template":"","meta":{"_mi_skip_tracking":false},"acf":[],"_links":{"self":[{"href":"https:\/\/paragaea.gr\/ro\/wp-json\/wp\/v2\/product\/5962"}],"collection":[{"href":"https:\/\/paragaea.gr\/ro\/wp-json\/wp\/v2\/product"}],"about":[{"href":"https:\/\/paragaea.gr\/ro\/wp-json\/wp\/v2\/types\/product"}],"wp:featuredmedia":[{"embeddable":true,"href":"https:\/\/paragaea.gr\/ro\/wp-json\/wp\/v2\/media\/5312"}],"wp:attachment":[{"href":"https:\/\/paragaea.gr\/ro\/wp-json\/wp\/v2\/media?parent=5962"}],"curies":[{"name":"wp","href":"https:\/\/api.w.org\/{rel}","templated":true}]}}