{"id":5964,"date":"2025-03-26T11:37:17","date_gmt":"2025-03-26T09:37:17","guid":{"rendered":"https:\/\/paragaea.gr\/product\/crema-de-fata-piele-uscata-pana-la-deshidratata\/"},"modified":"2025-07-11T10:42:36","modified_gmt":"2025-07-11T08:42:36","slug":"crema-de-fata-piele-uscata-pana-la-deshidratata","status":"publish","type":"product","link":"https:\/\/paragaea.gr\/ro\/produs\/crema-de-fata-piele-uscata-pana-la-deshidratata\/","title":{"rendered":"Crema de fa\u021b\u0103 &#8211; Piele uscat\u0103 p\u00e2n\u0103 la deshidratat\u0103"},"content":{"rendered":"<p>Crema de fa\u021b\u0103 Olivaloe pentru pielea uscat\u0103 p\u00e2n\u0103 la deshidratat\u0103, cu ulei de m\u0103sline organic, aloe organic\u0103, laptisor de matc\u0103, ceai verde, vitamina E, provitamina B5, ulei de nuc\u0103 de macadamia, bisabol, alantoin\u0103, precum \u0219i extract de nalb\u0103, euphrasia \u0219i orhidee purpurie. Aceste ingrediente excep\u021bional de bogate asigur\u0103 hidratarea, hr\u0103nirea \u0219i protec\u021bia pielii, precum \u0219i un efect anaplastic intens de protec\u021bie anti-\u00eemb\u0103tr\u00e2nire.<\/p>\n<p><strong>40ml<\/strong><\/p>\n","protected":false},"excerpt":{"rendered":"<p>Cu ulei de m\u0103sline organic, aloe vera organic\u0103, l\u0103pti\u0219or de matc\u0103 \u0219i ceai verde. 40ml Greutate (kg): 0.170<\/p>\n","protected":false},"featured_media":5320,"template":"","meta":{"_mi_skip_tracking":false},"acf":[],"_links":{"self":[{"href":"https:\/\/paragaea.gr\/ro\/wp-json\/wp\/v2\/product\/5964"}],"collection":[{"href":"https:\/\/paragaea.gr\/ro\/wp-json\/wp\/v2\/product"}],"about":[{"href":"https:\/\/paragaea.gr\/ro\/wp-json\/wp\/v2\/types\/product"}],"wp:featuredmedia":[{"embeddable":true,"href":"https:\/\/paragaea.gr\/ro\/wp-json\/wp\/v2\/media\/5320"}],"wp:attachment":[{"href":"https:\/\/paragaea.gr\/ro\/wp-json\/wp\/v2\/media?parent=5964"}],"curies":[{"name":"wp","href":"https:\/\/api.w.org\/{rel}","templated":true}]}}