{"id":5965,"date":"2025-03-26T11:37:17","date_gmt":"2025-03-26T09:37:17","guid":{"rendered":"https:\/\/paragaea.gr\/product\/crema-de-fata-pentru-barbati\/"},"modified":"2025-07-11T11:02:54","modified_gmt":"2025-07-11T09:02:54","slug":"crema-de-fata-pentru-barbati","status":"publish","type":"product","link":"https:\/\/paragaea.gr\/ro\/produs\/crema-de-fata-pentru-barbati\/","title":{"rendered":"Crema de fa\u021b\u0103 pentru b\u0103rba\u021bi"},"content":{"rendered":"<p>Aceast\u0103 crem\u0103 con\u021bine ulei de m\u0103sline organic, aloe vera organic\u0103 \u0219i ulei de jojoba, vitamina E, provitamina B5, bisabolol, alantoin\u0103, precum \u0219i extract de semin\u021be de bumbac. Potrivit\u0103 pentru toate tipurile de piele, se absoarbe u\u0219or. Datorit\u0103 ingredientelor sale cheie, hidrateaz\u0103, r\u0103core\u0219te, stimuleaz\u0103 \u0219i protejeaz\u0103 pielea, oferindu-i un aspect tineresc \u0219i o senza\u021bie pl\u0103cut\u0103 de prospe\u021bime.<\/p>\n<p>Greutate(kg): 0.100<\/p>\n","protected":false},"excerpt":{"rendered":"<p>Cu ulei de m\u0103sline organic, aloe vera organic\u0103 \u0219i ulei de jojoba, vitamina E, provitamina B5, bisabolol, alantoin\u0103, precum \u0219i extract de semin\u021be de bumbac.<\/p>\n","protected":false},"featured_media":5322,"template":"","meta":{"_mi_skip_tracking":false},"acf":[],"_links":{"self":[{"href":"https:\/\/paragaea.gr\/ro\/wp-json\/wp\/v2\/product\/5965"}],"collection":[{"href":"https:\/\/paragaea.gr\/ro\/wp-json\/wp\/v2\/product"}],"about":[{"href":"https:\/\/paragaea.gr\/ro\/wp-json\/wp\/v2\/types\/product"}],"wp:featuredmedia":[{"embeddable":true,"href":"https:\/\/paragaea.gr\/ro\/wp-json\/wp\/v2\/media\/5322"}],"wp:attachment":[{"href":"https:\/\/paragaea.gr\/ro\/wp-json\/wp\/v2\/media?parent=5965"}],"curies":[{"name":"wp","href":"https:\/\/api.w.org\/{rel}","templated":true}]}}