{"id":5968,"date":"2025-03-26T11:37:17","date_gmt":"2025-03-26T09:37:17","guid":{"rendered":"https:\/\/paragaea.gr\/product\/crema-de-maini\/"},"modified":"2025-07-11T11:05:28","modified_gmt":"2025-07-11T09:05:28","slug":"crema-de-maini","status":"publish","type":"product","link":"https:\/\/paragaea.gr\/ro\/produs\/crema-de-maini\/","title":{"rendered":"Crema de m\u00e2ini"},"content":{"rendered":"<ul class=\"tab-content\">\n<li class=\"content-li active\">\n<div class=\"box-collateral box-description\">\n<div class=\"std\">\n<p>Crema de m\u00e2ini Olivaloe cu ulei de m\u0103sline organic, aloe organic\u0103, ceai verde \u0219i unt de shea.<\/p>\n<p>Efectul combinat al acestor ingrediente naturale hidrateaz\u0103, calmeaz\u0103 \u0219i protejeaz\u0103 pielea de condi\u021bii dure \u0219i de uzura timpului.<\/p>\n<p>Greutate net\u0103 (Kg): 100ml<\/p>\n<\/div>\n<\/div>\n<\/li>\n<\/ul>\n","protected":false},"excerpt":{"rendered":"<p>Crema de m\u00e2ini cu m\u0103sline organice.<\/p>\n<p>Greutate(kg): 0.120<\/p>\n","protected":false},"featured_media":5327,"template":"","meta":{"_mi_skip_tracking":false},"acf":[],"_links":{"self":[{"href":"https:\/\/paragaea.gr\/ro\/wp-json\/wp\/v2\/product\/5968"}],"collection":[{"href":"https:\/\/paragaea.gr\/ro\/wp-json\/wp\/v2\/product"}],"about":[{"href":"https:\/\/paragaea.gr\/ro\/wp-json\/wp\/v2\/types\/product"}],"wp:featuredmedia":[{"embeddable":true,"href":"https:\/\/paragaea.gr\/ro\/wp-json\/wp\/v2\/media\/5327"}],"wp:attachment":[{"href":"https:\/\/paragaea.gr\/ro\/wp-json\/wp\/v2\/media?parent=5968"}],"curies":[{"name":"wp","href":"https:\/\/api.w.org\/{rel}","templated":true}]}}