{"id":5971,"date":"2025-03-26T11:37:19","date_gmt":"2025-03-26T09:37:19","guid":{"rendered":"https:\/\/paragaea.gr\/product\/exfoliant-spumant\/"},"modified":"2025-07-11T11:24:19","modified_gmt":"2025-07-11T09:24:19","slug":"exfoliant-spumant","status":"publish","type":"product","link":"https:\/\/paragaea.gr\/ro\/produs\/exfoliant-spumant\/","title":{"rendered":"Exfoliant spumant"},"content":{"rendered":"<p>Gel exfoliant spumant Olivaloe, cu ulei de m\u0103sline organic, aloe vera organic\u0103, proteine din gr\u00e2u \u0219i granule de miez de m\u0103slin\u0103. Potrivit pentru fa\u021b\u0103 \u0219i corp. Cu ajutorul miezului de m\u0103slin\u0103, celulele moarte sunt \u00eendep\u0103rtate, iar datorit\u0103 celorlalte ingrediente, revitalizeaz\u0103 \u0219i cur\u0103\u021b\u0103 pielea, l\u0103s\u00e2nd-o cu o senza\u021bie pl\u0103cut\u0103 de prospe\u021bime \u0219i moliciune.<\/p>\n<p><b><strong>200ml<\/strong><\/b><\/p>\n","protected":false},"excerpt":{"rendered":"<p>Cu ulei de m\u0103sline organic, aloe vera organic\u0103, proteine din gr\u00e2u \u0219i nuci de m\u0103sline m\u0103cinate. 200ml Greutate(kg): 0.250<\/p>\n","protected":false},"featured_media":5333,"template":"","meta":{"_mi_skip_tracking":false},"acf":[],"_links":{"self":[{"href":"https:\/\/paragaea.gr\/ro\/wp-json\/wp\/v2\/product\/5971"}],"collection":[{"href":"https:\/\/paragaea.gr\/ro\/wp-json\/wp\/v2\/product"}],"about":[{"href":"https:\/\/paragaea.gr\/ro\/wp-json\/wp\/v2\/types\/product"}],"wp:featuredmedia":[{"embeddable":true,"href":"https:\/\/paragaea.gr\/ro\/wp-json\/wp\/v2\/media\/5333"}],"wp:attachment":[{"href":"https:\/\/paragaea.gr\/ro\/wp-json\/wp\/v2\/media?parent=5971"}],"curies":[{"name":"wp","href":"https:\/\/api.w.org\/{rel}","templated":true}]}}