{"id":5972,"date":"2025-03-26T11:37:19","date_gmt":"2025-03-26T09:37:19","guid":{"rendered":"https:\/\/paragaea.gr\/product\/gel-de-dus-clasic\/"},"modified":"2025-07-11T11:25:06","modified_gmt":"2025-07-11T09:25:06","slug":"gel-de-dus-clasic","status":"publish","type":"product","link":"https:\/\/paragaea.gr\/ro\/produs\/gel-de-dus-clasic\/","title":{"rendered":"Gel de du\u0219 Clasic"},"content":{"rendered":"<p>Olivaloe baie spumant\u0103 cu ulei de m\u0103sline organic, aloe vera organic\u0103, extracte de amarant \u0219i salvie. Cur\u0103\u021b\u0103 \u00een profunzime, stimuleaz\u0103, tonific\u0103 \u0219i calmeaz\u0103 pielea, oferindu-i o senza\u021bie minunat\u0103 de prospe\u021bime, vitalitate \u0219i revigorare.<\/p>\n<p><strong>200ml<\/strong><\/p>\n","protected":false},"excerpt":{"rendered":"<p>Cu ulei de m\u0103sline organic, aloe vera organic\u0103, extract de amarant \u0219i extract de salvie. 200ml Greutate(kg): 0.250<\/p>\n","protected":false},"featured_media":5335,"template":"","meta":{"_mi_skip_tracking":false},"acf":[],"_links":{"self":[{"href":"https:\/\/paragaea.gr\/ro\/wp-json\/wp\/v2\/product\/5972"}],"collection":[{"href":"https:\/\/paragaea.gr\/ro\/wp-json\/wp\/v2\/product"}],"about":[{"href":"https:\/\/paragaea.gr\/ro\/wp-json\/wp\/v2\/types\/product"}],"wp:featuredmedia":[{"embeddable":true,"href":"https:\/\/paragaea.gr\/ro\/wp-json\/wp\/v2\/media\/5335"}],"wp:attachment":[{"href":"https:\/\/paragaea.gr\/ro\/wp-json\/wp\/v2\/media?parent=5972"}],"curies":[{"name":"wp","href":"https:\/\/api.w.org\/{rel}","templated":true}]}}