{"id":5973,"date":"2025-03-26T11:37:19","date_gmt":"2025-03-26T09:37:19","guid":{"rendered":"https:\/\/paragaea.gr\/product\/balsam-dupa-barbierit\/"},"modified":"2025-07-11T10:33:24","modified_gmt":"2025-07-11T08:33:24","slug":"balsam-dupa-barbierit","status":"publish","type":"product","link":"https:\/\/paragaea.gr\/ro\/produs\/balsam-dupa-barbierit\/","title":{"rendered":"Balsam dup\u0103 b\u0103rbierit"},"content":{"rendered":"<p>Gel after shave Olivaloe, cu ulei de m\u0103sline organic, aloe vera organic\u0103, vitamina E, provitamina B5, precum \u0219i extract de semin\u021be de bumbac. Datorit\u0103 ingredientelor sale, hidrateaz\u0103, hr\u0103ne\u0219te \u0219i revitalizeaz\u0103 pielea, \u00een timp ce atenueaz\u0103 orice irita\u021bii care apar \u00een timpul b\u0103rbieritului. Se absoarbe u\u0219or f\u0103r\u0103 a \u00eengr\u0103\u0219a pielea. Ofer\u0103 fermitate tenului, prospe\u021bime \u0219i o senza\u021bie pl\u0103cut\u0103 de catifelare. Potrivit pentru toate tipurile de piele.<\/p>\n<p><strong>100ml<\/strong><\/p>\n","protected":false},"excerpt":{"rendered":"<p>Cu ulei de m\u0103sline organic, aloe vera organic\u0103, ulei de jojoba, extract de semin\u021be de bumbac, vitamina E &amp; provitamina B5. 100ml Greutate(kg): 0.150<\/p>\n","protected":false},"featured_media":5337,"template":"","meta":{"_mi_skip_tracking":false},"acf":[],"_links":{"self":[{"href":"https:\/\/paragaea.gr\/ro\/wp-json\/wp\/v2\/product\/5973"}],"collection":[{"href":"https:\/\/paragaea.gr\/ro\/wp-json\/wp\/v2\/product"}],"about":[{"href":"https:\/\/paragaea.gr\/ro\/wp-json\/wp\/v2\/types\/product"}],"wp:featuredmedia":[{"embeddable":true,"href":"https:\/\/paragaea.gr\/ro\/wp-json\/wp\/v2\/media\/5337"}],"wp:attachment":[{"href":"https:\/\/paragaea.gr\/ro\/wp-json\/wp\/v2\/media?parent=5973"}],"curies":[{"name":"wp","href":"https:\/\/api.w.org\/{rel}","templated":true}]}}