{"id":5974,"date":"2025-03-26T11:37:21","date_gmt":"2025-03-26T09:37:21","guid":{"rendered":"https:\/\/paragaea.gr\/product\/crema-pentru-picioare\/"},"modified":"2025-07-11T11:22:39","modified_gmt":"2025-07-11T09:22:39","slug":"crema-pentru-picioare","status":"publish","type":"product","link":"https:\/\/paragaea.gr\/ro\/produs\/crema-pentru-picioare\/","title":{"rendered":"Crema pentru picioare"},"content":{"rendered":"<p>Crema pentru picioare Olivaloe cu ulei de m\u0103sline organic, aloe vera organic\u0103, pantotenol, precum \u0219i uleiuri esen\u021biale de camfor, ment\u0103, pin \u0219i lavand\u0103. Aceste ingrediente naturale bogate, paliative, revigoreaz\u0103, relaxeaz\u0103 \u0219i calmeaz\u0103 imediat picioarele obosite, oferindu-le o senza\u021bie pl\u0103cut\u0103 de odihn\u0103 \u0219i well-being.<\/p>\n<p><b><strong>100ml<\/strong><\/b><\/p>\n","protected":false},"excerpt":{"rendered":"<p>Cu ulei de m\u0103sline organic, aloe vera organic\u0103, ulei de pin, ulei de lavand\u0103, ulei de rozmarin, camfor \u0219i mentol. 100ml Greutate(kg): 0.120<\/p>\n","protected":false},"featured_media":5339,"template":"","meta":{"_mi_skip_tracking":false},"acf":[],"_links":{"self":[{"href":"https:\/\/paragaea.gr\/ro\/wp-json\/wp\/v2\/product\/5974"}],"collection":[{"href":"https:\/\/paragaea.gr\/ro\/wp-json\/wp\/v2\/product"}],"about":[{"href":"https:\/\/paragaea.gr\/ro\/wp-json\/wp\/v2\/types\/product"}],"wp:featuredmedia":[{"embeddable":true,"href":"https:\/\/paragaea.gr\/ro\/wp-json\/wp\/v2\/media\/5339"}],"wp:attachment":[{"href":"https:\/\/paragaea.gr\/ro\/wp-json\/wp\/v2\/media?parent=5974"}],"curies":[{"name":"wp","href":"https:\/\/api.w.org\/{rel}","templated":true}]}}