{"id":5975,"date":"2025-03-26T11:37:21","date_gmt":"2025-03-26T09:37:21","guid":{"rendered":"https:\/\/paragaea.gr\/product\/crema-de-protectie-solara-pentru-fata-spf-30-163\/"},"modified":"2025-07-11T11:08:26","modified_gmt":"2025-07-11T09:08:26","slug":"crema-de-protectie-solara-pentru-fata-spf-30-163","status":"publish","type":"product","link":"https:\/\/paragaea.gr\/ro\/produs\/crema-de-protectie-solara-pentru-fata-spf-30-163\/","title":{"rendered":"Crema de protec\u021bie solar\u0103 pentru fa\u021b\u0103 SPF 30 &#8211; 163"},"content":{"rendered":"<p>Crema de protec\u021bie solar\u0103 pentru fa\u021b\u0103 de \u00eenalt\u0103<\/p>\n","protected":false},"excerpt":{"rendered":"<p>Cu ulei de m\u0103sline organic, aloe vera organic, vitamina E, provitamina B5 &amp; alantoina.\u00a0 Greutate (kg): 0.100<\/p>\n","protected":false},"featured_media":5341,"template":"","meta":{"_mi_skip_tracking":false},"acf":[],"_links":{"self":[{"href":"https:\/\/paragaea.gr\/ro\/wp-json\/wp\/v2\/product\/5975"}],"collection":[{"href":"https:\/\/paragaea.gr\/ro\/wp-json\/wp\/v2\/product"}],"about":[{"href":"https:\/\/paragaea.gr\/ro\/wp-json\/wp\/v2\/types\/product"}],"wp:featuredmedia":[{"embeddable":true,"href":"https:\/\/paragaea.gr\/ro\/wp-json\/wp\/v2\/media\/5341"}],"wp:attachment":[{"href":"https:\/\/paragaea.gr\/ro\/wp-json\/wp\/v2\/media?parent=5975"}],"curies":[{"name":"wp","href":"https:\/\/api.w.org\/{rel}","templated":true}]}}