{"id":5976,"date":"2025-03-26T11:37:21","date_gmt":"2025-03-26T09:37:21","guid":{"rendered":"https:\/\/paragaea.gr\/product\/laptele-de-corp-cu-protectie-solara-spf-30-164\/"},"modified":"2025-07-11T11:28:26","modified_gmt":"2025-07-11T09:28:26","slug":"laptele-de-corp-cu-protectie-solara-spf-30-164","status":"publish","type":"product","link":"https:\/\/paragaea.gr\/ro\/produs\/laptele-de-corp-cu-protectie-solara-spf-30-164\/","title":{"rendered":"Laptele de corp cu protec\u021bie solar\u0103 spf 30 &#8211; 164"},"content":{"rendered":"<p>Olivaloe lapte de corp cu protec\u021bie solar\u0103, cu ulei de m\u0103sline organic, aloe vera organic\u0103, vitamina E, provitamina B5, alantoin\u0103, precum \u0219i un sistem de filtrare \u00eempotriva radia\u021biilor UVA\/UVB, oferind protec\u021bia ideal\u0103 pentru s\u0103n\u0103tatea pielii tale.<\/p>\n<p>Ofer\u0103 protec\u021bie imediat\u0103 \u00eempotriva arsurilor solare \u0219i a \u00eemb\u0103tr\u00e2nirii premature a pielii \u0219i este absorbit imediat, l\u0103s\u00e2nd pielea proasp\u0103t\u0103, cu o senza\u021bie u\u0219oar\u0103 \u0219i catifelat\u0103, f\u0103r\u0103 reziduuri sau gr\u0103sime.<\/p>\n<p>Este rezistent la ap\u0103, iar combina\u021bia ingredientelor sale hidratante ofer\u0103 un nivel ridicat de hidratare \u00eempreun\u0103 cu o protec\u021bie care dureaz\u0103.<\/p>\n<p><strong>200ml<\/strong><\/p>\n","protected":false},"excerpt":{"rendered":"<p>Cu ulei de m\u0103sline organic, aloe vera organic\u0103, vitamina E, provitamina B5 &amp; alantoina. 200ml Greutate(kg): 0.240<\/p>\n","protected":false},"featured_media":5343,"template":"","meta":{"_mi_skip_tracking":false},"acf":[],"_links":{"self":[{"href":"https:\/\/paragaea.gr\/ro\/wp-json\/wp\/v2\/product\/5976"}],"collection":[{"href":"https:\/\/paragaea.gr\/ro\/wp-json\/wp\/v2\/product"}],"about":[{"href":"https:\/\/paragaea.gr\/ro\/wp-json\/wp\/v2\/types\/product"}],"wp:featuredmedia":[{"embeddable":true,"href":"https:\/\/paragaea.gr\/ro\/wp-json\/wp\/v2\/media\/5343"}],"wp:attachment":[{"href":"https:\/\/paragaea.gr\/ro\/wp-json\/wp\/v2\/media?parent=5976"}],"curies":[{"name":"wp","href":"https:\/\/api.w.org\/{rel}","templated":true}]}}