{"id":5977,"date":"2025-03-26T11:37:21","date_gmt":"2025-03-26T09:37:21","guid":{"rendered":"https:\/\/paragaea.gr\/product\/sampon-pentru-par-mai-puternic-impotriva-caderii-parului\/"},"modified":"2025-07-11T11:32:13","modified_gmt":"2025-07-11T09:32:13","slug":"sampon-pentru-par-mai-puternic-impotriva-caderii-parului","status":"publish","type":"product","link":"https:\/\/paragaea.gr\/ro\/produs\/sampon-pentru-par-mai-puternic-impotriva-caderii-parului\/","title":{"rendered":"\u0218ampon pentru p\u0103r mai puternic &#8211; \u00cempotriva c\u0103derii p\u0103rului"},"content":{"rendered":"<p>\u0218amponul fortifiant de la Olivaloe cu ulei de m\u0103sline organic, aloe organic\u0103, vitamina H, provitamina B5 \u0219i extract de frunze de dafin. Aceste ingrediente drastice previn c\u0103derea p\u0103rului, \u00een timp ce trateaz\u0103 \u0219i \u00eent\u0103resc p\u0103rul, oferindu-i volum \u0219i str\u0103lucire.<\/p>\n<p><strong>200ml<\/strong><\/p>\n","protected":false},"excerpt":{"rendered":"<p>Cu ulei de m\u0103sline organic, aloe vera organic\u0103, vitamina H, provitamina B5 \u0219i extract de frunze de dafin.<\/p>\n<p>200ml Greutate (kg): 0.23<\/p>\n","protected":false},"featured_media":5345,"template":"","meta":{"_mi_skip_tracking":false},"acf":[],"_links":{"self":[{"href":"https:\/\/paragaea.gr\/ro\/wp-json\/wp\/v2\/product\/5977"}],"collection":[{"href":"https:\/\/paragaea.gr\/ro\/wp-json\/wp\/v2\/product"}],"about":[{"href":"https:\/\/paragaea.gr\/ro\/wp-json\/wp\/v2\/types\/product"}],"wp:featuredmedia":[{"embeddable":true,"href":"https:\/\/paragaea.gr\/ro\/wp-json\/wp\/v2\/media\/5345"}],"wp:attachment":[{"href":"https:\/\/paragaea.gr\/ro\/wp-json\/wp\/v2\/media?parent=5977"}],"curies":[{"name":"wp","href":"https:\/\/api.w.org\/{rel}","templated":true}]}}