{"id":5978,"date":"2025-03-26T11:37:21","date_gmt":"2025-03-26T09:37:21","guid":{"rendered":"https:\/\/paragaea.gr\/product\/ulei-de-bronzat-spf-5-166\/"},"modified":"2025-07-11T11:33:41","modified_gmt":"2025-07-11T09:33:41","slug":"ulei-de-bronzat-spf-5-166","status":"publish","type":"product","link":"https:\/\/paragaea.gr\/ro\/produs\/ulei-de-bronzat-spf-5-166\/","title":{"rendered":"Ulei de bronzat SPF 5 &#8211; 166"},"content":{"rendered":"<p>Uleiul de bronzare Olivaloe SPF 5 ofer\u0103 un bronz ad\u00e2nc \u0219i atr\u0103g\u0103tor pielii tale. Compozi\u021bia sa din ulei de m\u0103sline organic, aloe vera organic\u0103, \u00eempreun\u0103 cu combina\u021bia altor factori de hidratare intens\u0103, cum ar fi uleiul de morcov, uleiul de nuc\u0103 de cocos \u0219i vitamina E, asigur\u0103 un bronz bogat \u0219i de lung\u0103 durat\u0103, \u00een timp ce protejeaz\u0103 pielea de usc\u0103ciune \u0219i descuamare; ca rezultat, bronzul t\u0103u dureaz\u0103 mai mult.<\/p>\n<p><strong>150ml<\/strong><\/p>\n","protected":false},"excerpt":{"rendered":"<p>Cu ulei de m\u0103sline organic, aloe vera organic, ulei de morcov, ulei de cocos &amp; vitamina E. 150ml Greutate(kg): 0.180<\/p>\n","protected":false},"featured_media":5347,"template":"","meta":{"_mi_skip_tracking":false},"acf":[],"_links":{"self":[{"href":"https:\/\/paragaea.gr\/ro\/wp-json\/wp\/v2\/product\/5978"}],"collection":[{"href":"https:\/\/paragaea.gr\/ro\/wp-json\/wp\/v2\/product"}],"about":[{"href":"https:\/\/paragaea.gr\/ro\/wp-json\/wp\/v2\/types\/product"}],"wp:featuredmedia":[{"embeddable":true,"href":"https:\/\/paragaea.gr\/ro\/wp-json\/wp\/v2\/media\/5347"}],"wp:attachment":[{"href":"https:\/\/paragaea.gr\/ro\/wp-json\/wp\/v2\/media?parent=5978"}],"curies":[{"name":"wp","href":"https:\/\/api.w.org\/{rel}","templated":true}]}}