{"id":5979,"date":"2025-03-26T11:37:23","date_gmt":"2025-03-26T09:37:23","guid":{"rendered":"https:\/\/paragaea.gr\/product\/unt-de-corp-pentru-pielea-uscata-si-crapata-168\/"},"modified":"2025-07-11T11:37:02","modified_gmt":"2025-07-11T09:37:02","slug":"unt-de-corp-pentru-pielea-uscata-si-crapata-168","status":"publish","type":"product","link":"https:\/\/paragaea.gr\/ro\/produs\/unt-de-corp-pentru-pielea-uscata-si-crapata-168\/","title":{"rendered":"Unt de corp &#8211; pentru pielea uscat\u0103 \u0219i cr\u0103pat\u0103 &#8211; 168"},"content":{"rendered":"<p>Un unt de corp special \u0219i unic de la Olivaloe, cu ulei de m\u0103sline organic \u0219i aloe vera organic\u0103, potrivit pentru pielea uscat\u0103 \u0219i cr\u0103pat\u0103, \u00een special pentru zone precum coatele \u0219i c\u0103lc\u00e2iele care au nevoie de hidratare intens\u0103. Compozi\u021bia sa, bazat\u0103 pe factori de hidratare \u0219i nutrien\u021bi de \u00eenalt\u0103 calitate, cum ar fi uleiul de avocado, uleiul de semin\u021be de in, alantoina, uleiul de palmier, vitamina E \u0219i provitamina B5, re\u00eennoie\u0219te nutrien\u021bii pielii la un nivel mai profund, precum \u0219i rezervele sale naturale de ap\u0103 \u0219i lipide, oferind o moliciune \u0219i elasticitate de lung\u0103 durat\u0103.<\/p>\n<p><strong>200ml<\/strong><\/p>\n","protected":false},"excerpt":{"rendered":"<p>Cu ulei de m\u0103sline organic, aloe vera organic\u0103, ulei de avocado, ulei de semin\u021be de in, alantoin\u0103, ulei de palmier, vitamina E &amp; provitamina B5. 200ml Greutate(kg): 0.250<\/p>\n","protected":false},"featured_media":5350,"template":"","meta":{"_mi_skip_tracking":false},"acf":[],"_links":{"self":[{"href":"https:\/\/paragaea.gr\/ro\/wp-json\/wp\/v2\/product\/5979"}],"collection":[{"href":"https:\/\/paragaea.gr\/ro\/wp-json\/wp\/v2\/product"}],"about":[{"href":"https:\/\/paragaea.gr\/ro\/wp-json\/wp\/v2\/types\/product"}],"wp:featuredmedia":[{"embeddable":true,"href":"https:\/\/paragaea.gr\/ro\/wp-json\/wp\/v2\/media\/5350"}],"wp:attachment":[{"href":"https:\/\/paragaea.gr\/ro\/wp-json\/wp\/v2\/media?parent=5979"}],"curies":[{"name":"wp","href":"https:\/\/api.w.org\/{rel}","templated":true}]}}