{"id":5980,"date":"2025-03-26T11:37:23","date_gmt":"2025-03-26T09:37:23","guid":{"rendered":"https:\/\/paragaea.gr\/product\/lotiune-de-corp\/"},"modified":"2025-07-11T11:57:12","modified_gmt":"2025-07-11T09:57:12","slug":"lotiune-de-corp","status":"publish","type":"product","link":"https:\/\/paragaea.gr\/ro\/produs\/lotiune-de-corp\/","title":{"rendered":"<translation>Lo\u021biune de corp<\/translation>"},"content":{"rendered":"<p data-start=\"0\" data-end=\"175\">Lo\u021biune de corp Olivaloe cu ulei de m\u0103sline organic, aloe vera organic\u0103 \u0219i alantoin\u0103, care hidrateaz\u0103 pielea \u00een profunzime \u0219i, \u00een acela\u0219i timp, calmeaz\u0103 irita\u021biile cutanate.<\/p>\n<p data-start=\"177\" data-end=\"393\" data-is-last-node=\"\" data-is-only-node=\"\">\u00cen plus, formula sa unic\u0103, \u00eembog\u0103\u021bit\u0103 cu acizi gra\u0219i vegetali Omega-3 \u0219i Omega-6, protejeaz\u0103 bariera natural\u0103 a pielii care men\u021bine hidratarea, iar extractul de ceai verde ap\u0103r\u0103 pielea de ac\u021biunea radicalilor liberi.<\/p>\n<p data-start=\"177\" data-end=\"393\" data-is-last-node=\"\" data-is-only-node=\"\"><strong>200ml<\/strong><\/p>\n","protected":false},"excerpt":{"rendered":"<p>Cu ulei de m\u0103sline organic, aloe vera organic\u0103, ceai verde, Omega-3 \u0219i Omega-6.<\/p>\n<p>200ml<\/p>\n<p>Greutate(kg): 0.250<\/p>\n","protected":false},"featured_media":5352,"template":"","meta":{"_mi_skip_tracking":false},"acf":[],"_links":{"self":[{"href":"https:\/\/paragaea.gr\/ro\/wp-json\/wp\/v2\/product\/5980"}],"collection":[{"href":"https:\/\/paragaea.gr\/ro\/wp-json\/wp\/v2\/product"}],"about":[{"href":"https:\/\/paragaea.gr\/ro\/wp-json\/wp\/v2\/types\/product"}],"wp:featuredmedia":[{"embeddable":true,"href":"https:\/\/paragaea.gr\/ro\/wp-json\/wp\/v2\/media\/5352"}],"wp:attachment":[{"href":"https:\/\/paragaea.gr\/ro\/wp-json\/wp\/v2\/media?parent=5980"}],"curies":[{"name":"wp","href":"https:\/\/api.w.org\/{rel}","templated":true}]}}