{"id":5981,"date":"2025-03-26T11:37:23","date_gmt":"2025-03-26T09:37:23","guid":{"rendered":"https:\/\/paragaea.gr\/product\/deodorant-roll-on\/"},"modified":"2025-07-11T11:23:09","modified_gmt":"2025-07-11T09:23:09","slug":"deodorant-roll-on","status":"publish","type":"product","link":"https:\/\/paragaea.gr\/ro\/produs\/deodorant-roll-on\/","title":{"rendered":"Deodorant roll-on"},"content":{"rendered":"<p>Antiperspirant \u0219i deodorant roll-on de \u00eenalt\u0103 calitate cu ulei de m\u0103sline organic, aloe vera organic\u0103 \u0219i un parfum u\u0219or de iasomie care previne transpira\u021bia \u0219i mirosurile nepl\u0103cute. Con\u021bine a-bisabolol cu ac\u021biune antibacterian\u0103 puternic\u0103 \u0219i alantoin\u0103, care hidrateaz\u0103 \u0219i calmeaz\u0103 pielea, prevenind orice irita\u021bii. Extractul delicat de iasomie \u00eembun\u0103t\u0103\u021be\u0219te efectul s\u0103u ca deodorant de top.<\/p>\n<p><strong>50ml<\/strong><\/p>\n","protected":false},"excerpt":{"rendered":"<p>Cu ulei de m\u0103sline organic, aloe vera organic\u0103 \u0219i iasomie. 50ml Greutate(kg): 0.100<\/p>\n","protected":false},"featured_media":5355,"template":"","meta":{"_mi_skip_tracking":false},"acf":[],"_links":{"self":[{"href":"https:\/\/paragaea.gr\/ro\/wp-json\/wp\/v2\/product\/5981"}],"collection":[{"href":"https:\/\/paragaea.gr\/ro\/wp-json\/wp\/v2\/product"}],"about":[{"href":"https:\/\/paragaea.gr\/ro\/wp-json\/wp\/v2\/types\/product"}],"wp:featuredmedia":[{"embeddable":true,"href":"https:\/\/paragaea.gr\/ro\/wp-json\/wp\/v2\/media\/5355"}],"wp:attachment":[{"href":"https:\/\/paragaea.gr\/ro\/wp-json\/wp\/v2\/media?parent=5981"}],"curies":[{"name":"wp","href":"https:\/\/api.w.org\/{rel}","templated":true}]}}