{"id":5982,"date":"2025-03-26T11:37:23","date_gmt":"2025-03-26T09:37:23","guid":{"rendered":"https:\/\/paragaea.gr\/product\/gel-de-dus-exotic\/"},"modified":"2025-07-11T11:26:08","modified_gmt":"2025-07-11T09:26:08","slug":"gel-de-dus-exotic","status":"publish","type":"product","link":"https:\/\/paragaea.gr\/ro\/produs\/gel-de-dus-exotic\/","title":{"rendered":"Gel de du\u0219 Exotic"},"content":{"rendered":"<p><span lang=\"RO-RO\">Gel de du\u0219 delicat pentru corp cu pro-vitamina B5, ulei de m\u0103sline organic \u0219i aloe vera organic\u0103 care hr\u0103ne\u0219te pielea \u00een timp ce o cur\u0103\u021b\u0103 profund. <\/span>Bogat\u0103 \u00een ulei de argan, care datorit\u0103 densit\u0103\u021bii sale ridicate \u00een acizi gra\u0219i \u0219i vitamina E, ajut\u0103 la reconstruc\u021bia pielii, oferind hidratare, precum \u0219i protec\u021bie antioxidant\u0103. <span lang=\"RO-RO\">Con\u021bine, de asemenea, extract de iasomie cu efect antioxidant \u0219i extracte de papirus cu o concentra\u021bie ridicat\u0103 de zaharuri \u0219i minerale, prevenind uscarea \u0219i oferind elasticitate pielii.<\/span><\/p>\n<p><strong>200ml<\/strong><\/p>\n","protected":false},"excerpt":{"rendered":"<p>Cu ulei de m\u0103sline organic, aloe vera organic\u0103, pro-vitamina B5, ulei de argan, iasomie \u0219i extract de papirus. 200ml Greutate (kg): 0.250<\/p>\n","protected":false},"featured_media":5357,"template":"","meta":{"_mi_skip_tracking":false},"acf":[],"_links":{"self":[{"href":"https:\/\/paragaea.gr\/ro\/wp-json\/wp\/v2\/product\/5982"}],"collection":[{"href":"https:\/\/paragaea.gr\/ro\/wp-json\/wp\/v2\/product"}],"about":[{"href":"https:\/\/paragaea.gr\/ro\/wp-json\/wp\/v2\/types\/product"}],"wp:featuredmedia":[{"embeddable":true,"href":"https:\/\/paragaea.gr\/ro\/wp-json\/wp\/v2\/media\/5357"}],"wp:attachment":[{"href":"https:\/\/paragaea.gr\/ro\/wp-json\/wp\/v2\/media?parent=5982"}],"curies":[{"name":"wp","href":"https:\/\/api.w.org\/{rel}","templated":true}]}}