{"id":5983,"date":"2025-03-26T11:37:23","date_gmt":"2025-03-26T09:37:23","guid":{"rendered":"https:\/\/paragaea.gr\/product\/masca-de-par\/"},"modified":"2025-07-11T11:29:48","modified_gmt":"2025-07-11T09:29:48","slug":"masca-de-par","status":"publish","type":"product","link":"https:\/\/paragaea.gr\/ro\/produs\/masca-de-par\/","title":{"rendered":"Masca de p\u0103r"},"content":{"rendered":"<p>Masc\u0103 hr\u0103nitoare pentru p\u0103r cu ulei de m\u0103sline organic care hr\u0103ne\u0219te \u0219i hidrateaz\u0103 p\u0103rul \u00een profunzime. Con\u021bine pro-vitamina B5 \u0219i extract de ginseng, care \u00eent\u0103resc p\u0103rul reduc\u00e2ndu-i ruperea \u0219i v\u00e2rfurile despicate.De asemenea, derivatele de keratin\u0103 pe care le con\u021bine, infiltreaz\u0103 p\u0103rul, hidrat\u00e2ndu-l din interior. Aloe vera organic\u0103 \u00eempreun\u0103 cu proteina din gr\u00e2u contribuie la aceast\u0103 hidratare, calm\u00e2nd p\u0103rul t\u0103u \u00eentr-un mod unic, oferindu-i volum \u0219i str\u0103lucire.Uleiul de m\u0103sline organic, de partea sa, hr\u0103ne\u0219te \u0219i \u00eent\u0103re\u0219te p\u0103rul fragil, oferind o atingere m\u0103t\u0103soas\u0103 \u0219i netezind orice asprime.<\/p>\n<p><strong>200ml<\/strong><\/p>\n","protected":false},"excerpt":{"rendered":"<p>Cu ulei de m\u0103sline organic, aloe vera organic\u0103, pro-vitamina B5, extract de ginseng, derivate de keratin\u0103 \u0219i protein\u0103 din gr\u00e2u. Greutate (kg): 0.250<\/p>\n","protected":false},"featured_media":5360,"template":"","meta":{"_mi_skip_tracking":false},"acf":[],"_links":{"self":[{"href":"https:\/\/paragaea.gr\/ro\/wp-json\/wp\/v2\/product\/5983"}],"collection":[{"href":"https:\/\/paragaea.gr\/ro\/wp-json\/wp\/v2\/product"}],"about":[{"href":"https:\/\/paragaea.gr\/ro\/wp-json\/wp\/v2\/types\/product"}],"wp:featuredmedia":[{"embeddable":true,"href":"https:\/\/paragaea.gr\/ro\/wp-json\/wp\/v2\/media\/5360"}],"wp:attachment":[{"href":"https:\/\/paragaea.gr\/ro\/wp-json\/wp\/v2\/media?parent=5983"}],"curies":[{"name":"wp","href":"https:\/\/api.w.org\/{rel}","templated":true}]}}