{"id":5989,"date":"2025-03-26T11:37:28","date_gmt":"2025-03-26T09:37:28","guid":{"rendered":"https:\/\/paragaea.gr\/product\/crema-de-noapte-anti-riduri-si-hranitoare\/"},"modified":"2025-07-11T11:06:57","modified_gmt":"2025-07-11T09:06:57","slug":"crema-de-noapte-anti-riduri-si-hranitoare","status":"publish","type":"product","link":"https:\/\/paragaea.gr\/ro\/produs\/crema-de-noapte-anti-riduri-si-hranitoare\/","title":{"rendered":"Crema de noapte anti-riduri \u0219i hr\u0103nitoare"},"content":{"rendered":"<p>Crema de noapte antirid \u0219i hr\u0103nitoare cu o combina\u021bie unic\u0103 de aminoacizi \u0219i l\u0103pti\u0219or de matc\u0103.<\/p>\n<p>Ingredientele sale, inclusiv aloe vera organic\u0103, ulei de m\u0103sline organic \u0219i vitamina E, toate ac\u021bioneaz\u0103 ca antioxidan\u021bi \u00eempotriva radicalilor liberi responsabili pentru \u00eemb\u0103tr\u00e2nirea \u021besuturilor.<\/p>\n<p>\u00cen plus, proteinele din lapte hidrolizate incluse men\u021bin elasticitatea pielii, \u00eempreun\u0103 cu s\u0103n\u0103tatea acesteia.<\/p>\n<p>Combina\u021bia tuturor acestor ingrediente hr\u0103ne\u0219te pielea \u00een profunzime, \u00eembun\u0103t\u0103\u021bind structura pielii, \u00een timp ce elimin\u0103 liniile de expresie \u0219i reduce vizibil ridurile.<\/p>\n<p><strong>40ml<\/strong><\/p>\n","protected":false},"excerpt":{"rendered":"<p>Cu ulei de m\u0103sline organic, aloe vera organic\u0103, pantenol, vitamina E, aminoacizi, l\u0103pti\u0219or de matc\u0103 &amp; proteine din lapte. 40ml Greutate(kg): 0.170<\/p>\n","protected":false},"featured_media":5394,"template":"","meta":{"_mi_skip_tracking":false},"acf":[],"_links":{"self":[{"href":"https:\/\/paragaea.gr\/ro\/wp-json\/wp\/v2\/product\/5989"}],"collection":[{"href":"https:\/\/paragaea.gr\/ro\/wp-json\/wp\/v2\/product"}],"about":[{"href":"https:\/\/paragaea.gr\/ro\/wp-json\/wp\/v2\/types\/product"}],"wp:featuredmedia":[{"embeddable":true,"href":"https:\/\/paragaea.gr\/ro\/wp-json\/wp\/v2\/media\/5394"}],"wp:attachment":[{"href":"https:\/\/paragaea.gr\/ro\/wp-json\/wp\/v2\/media?parent=5989"}],"curies":[{"name":"wp","href":"https:\/\/api.w.org\/{rel}","templated":true}]}}