{"id":5990,"date":"2025-03-26T11:37:28","date_gmt":"2025-03-26T09:37:28","guid":{"rendered":"https:\/\/paragaea.gr\/product\/crema-pentru-ochi\/"},"modified":"2025-07-11T11:20:05","modified_gmt":"2025-07-11T09:20:05","slug":"crema-pentru-ochi","status":"publish","type":"product","link":"https:\/\/paragaea.gr\/ro\/produs\/crema-pentru-ochi\/","title":{"rendered":"Crema pentru ochi"},"content":{"rendered":"<p>Crema de ochi Olivaloe cu ulei de m\u0103sline organic, aloe vera organic\u0103, ceai verde, vitamin\u0103 E, provitamina B5, mu\u0219e\u021bel, calendula, precum \u0219i factori anti-\u00eemb\u0103tr\u00e2nire \u0219i hidratan\u021bi de \u00eenalt nivel. Efectul combinat al acestor ingrediente naturale hr\u0103ne\u0219te \u0219i revitalizeaz\u0103 zona delicat\u0103 din jurul ochilor, ajut\u0103 la reducerea pungilor \u0219i face ca pielea s\u0103 arate str\u0103lucitoare.<\/p>\n<p><strong>40ml<\/strong><\/p>\n","protected":false},"excerpt":{"rendered":"<p>Cu ulei de m\u0103sline organic, aloe vera organic\u0103 \u0219i ceai verde. 40ml Greutate (kg) : 0.170<\/p>\n","protected":false},"featured_media":5396,"template":"","meta":{"_mi_skip_tracking":false},"acf":[],"_links":{"self":[{"href":"https:\/\/paragaea.gr\/ro\/wp-json\/wp\/v2\/product\/5990"}],"collection":[{"href":"https:\/\/paragaea.gr\/ro\/wp-json\/wp\/v2\/product"}],"about":[{"href":"https:\/\/paragaea.gr\/ro\/wp-json\/wp\/v2\/types\/product"}],"wp:featuredmedia":[{"embeddable":true,"href":"https:\/\/paragaea.gr\/ro\/wp-json\/wp\/v2\/media\/5396"}],"wp:attachment":[{"href":"https:\/\/paragaea.gr\/ro\/wp-json\/wp\/v2\/media?parent=5990"}],"curies":[{"name":"wp","href":"https:\/\/api.w.org\/{rel}","templated":true}]}}