{"id":5991,"date":"2025-03-26T11:37:28","date_gmt":"2025-03-26T09:37:28","guid":{"rendered":"https:\/\/paragaea.gr\/product\/crema-de-fata-piele-normala-pana-la-uscata\/"},"modified":"2025-07-11T10:43:32","modified_gmt":"2025-07-11T08:43:32","slug":"crema-de-fata-piele-normala-pana-la-uscata","status":"publish","type":"product","link":"https:\/\/paragaea.gr\/ro\/produs\/crema-de-fata-piele-normala-pana-la-uscata\/","title":{"rendered":"Crem\u0103 de fa\u021b\u0103 &#8211; Piele normal\u0103 p\u00e2n\u0103 la uscat\u0103"},"content":{"rendered":"<p>Crema de fa\u021b\u0103 Olivaloe pentru piele normal\u0103 p\u00e2n\u0103 la uscat\u0103, cu ulei de m\u0103sline organic, aloe vera organic\u0103, ceai verde, vitamina E, provitamina B5, ulei de jojoba, precum \u0219i factori anti-\u00eemb\u0103tr\u00e2nire \u0219i hidratante de \u00eenalt\u0103 calitate. Efectul combinat al acestor ingrediente naturale hidrateaz\u0103 profund pielea, restaureaz\u0103 elasticitatea acesteia \u0219i protejeaz\u0103 tenul de condi\u021bii dure \u0219i de uzura timpului.<\/p>\n<p><strong>40ml<\/strong><\/p>\n","protected":false},"excerpt":{"rendered":"<p>Cu ulei de m\u0103sline organic, aloe vera organic, ceai verde \u0219i ulei de jojoba. 40ml Greutate (Kg) : 0.170<\/p>\n","protected":false},"featured_media":5398,"template":"","meta":{"_mi_skip_tracking":false},"acf":[],"_links":{"self":[{"href":"https:\/\/paragaea.gr\/ro\/wp-json\/wp\/v2\/product\/5991"}],"collection":[{"href":"https:\/\/paragaea.gr\/ro\/wp-json\/wp\/v2\/product"}],"about":[{"href":"https:\/\/paragaea.gr\/ro\/wp-json\/wp\/v2\/types\/product"}],"wp:featuredmedia":[{"embeddable":true,"href":"https:\/\/paragaea.gr\/ro\/wp-json\/wp\/v2\/media\/5398"}],"wp:attachment":[{"href":"https:\/\/paragaea.gr\/ro\/wp-json\/wp\/v2\/media?parent=5991"}],"curies":[{"name":"wp","href":"https:\/\/api.w.org\/{rel}","templated":true}]}}