{"id":5992,"date":"2025-03-26T11:37:28","date_gmt":"2025-03-26T09:37:28","guid":{"rendered":"https:\/\/paragaea.gr\/product\/crema-de-fata-ten-gras-pana-la-normal\/"},"modified":"2025-07-11T10:45:25","modified_gmt":"2025-07-11T08:45:25","slug":"crema-de-fata-ten-gras-pana-la-normal","status":"publish","type":"product","link":"https:\/\/paragaea.gr\/ro\/produs\/crema-de-fata-ten-gras-pana-la-normal\/","title":{"rendered":"Crema de fa\u021b\u0103 &#8211; Ten gras p\u00e2n\u0103 la normal"},"content":{"rendered":"<p>Crema de fa\u021b\u0103 Olivaloe, cu ulei de m\u0103sline organic, aloe vera organic\u0103, ceai verde, ceai de vitamine, vitamina E, provitamina B5, ulei de jojoba, precum \u0219i factori anti-\u00eemb\u0103tr\u00e2nire \u0219i de hidratare. Efectul combinat al acestor ingrediente naturale hidrateaz\u0103 pielea, \u00eei restabile\u0219te elasticitatea \u0219i o protejeaz\u0103 de condi\u021bii dure \u0219i de uzura timpului.<\/p>\n<p><strong>40ml<\/strong><\/p>\n","protected":false},"excerpt":{"rendered":"<p>Cu ulei de m\u0103sline organic, aloe vera organic\u0103 \u0219i ceai verde. 40ml Greutate (kg) : 0.170<\/p>\n","protected":false},"featured_media":5400,"template":"","meta":{"_mi_skip_tracking":false},"acf":[],"_links":{"self":[{"href":"https:\/\/paragaea.gr\/ro\/wp-json\/wp\/v2\/product\/5992"}],"collection":[{"href":"https:\/\/paragaea.gr\/ro\/wp-json\/wp\/v2\/product"}],"about":[{"href":"https:\/\/paragaea.gr\/ro\/wp-json\/wp\/v2\/types\/product"}],"wp:featuredmedia":[{"embeddable":true,"href":"https:\/\/paragaea.gr\/ro\/wp-json\/wp\/v2\/media\/5400"}],"wp:attachment":[{"href":"https:\/\/paragaea.gr\/ro\/wp-json\/wp\/v2\/media?parent=5992"}],"curies":[{"name":"wp","href":"https:\/\/api.w.org\/{rel}","templated":true}]}}