{"id":5993,"date":"2025-03-26T11:37:28","date_gmt":"2025-03-26T09:37:28","guid":{"rendered":"https:\/\/paragaea.gr\/product\/crema-de-ridicare-a-fetei\/"},"modified":"2025-07-11T11:21:07","modified_gmt":"2025-07-11T09:21:07","slug":"crema-de-ridicare-a-fetei","status":"publish","type":"product","link":"https:\/\/paragaea.gr\/ro\/produs\/crema-de-ridicare-a-fetei\/","title":{"rendered":"Crema Lifting pentru Fa\u021b\u0103"},"content":{"rendered":"<p data-start=\"0\" data-end=\"253\">Crem\u0103 Lifting pentru Fa\u021b\u0103 cu ulei de m\u0103sline organic, aloe vera organic\u0103, alantoin\u0103 \u0219i vitamina E. \u00cembog\u0103\u021bit\u0103 cu un complex de ingrediente active specializate, care ofer\u0103 un efect vizibil imediat de lifting, netezire a ridurilor \u0219i fermitate a pielii. \u00cen acela\u0219i timp, crema stimuleaz\u0103 formarea colagenului \u0219i protejeaz\u0103 pielea \u00eempotriva stresului oxidativ responsabil de pierderea fermit\u0103\u021bii. Reduce liniile de expresie existente \u0219i previne formarea unora noi. Pielea devine neted\u0103 \u0219i cap\u0103t\u0103 un aspect t\u00e2n\u0103r \u0219i revitalizat.<\/p>\n<p data-start=\"0\" data-end=\"253\"><strong>40ml<\/strong><\/p>\n","protected":false},"excerpt":{"rendered":"<p>\u00cembog\u0103\u021bit\u0103 cu un complex de ingrediente active specializate, care ofer\u0103 un efect vizibil imediat de lifting, netezire a ridurilor \u0219i fermitate a pielii. 40ml Greutate (Kg): 0.170<\/p>\n","protected":false},"featured_media":5402,"template":"","meta":{"_mi_skip_tracking":false},"acf":[],"_links":{"self":[{"href":"https:\/\/paragaea.gr\/ro\/wp-json\/wp\/v2\/product\/5993"}],"collection":[{"href":"https:\/\/paragaea.gr\/ro\/wp-json\/wp\/v2\/product"}],"about":[{"href":"https:\/\/paragaea.gr\/ro\/wp-json\/wp\/v2\/types\/product"}],"wp:featuredmedia":[{"embeddable":true,"href":"https:\/\/paragaea.gr\/ro\/wp-json\/wp\/v2\/media\/5402"}],"wp:attachment":[{"href":"https:\/\/paragaea.gr\/ro\/wp-json\/wp\/v2\/media?parent=5993"}],"curies":[{"name":"wp","href":"https:\/\/api.w.org\/{rel}","templated":true}]}}