{"id":5996,"date":"2025-03-26T11:37:30","date_gmt":"2025-03-26T09:37:30","guid":{"rendered":"https:\/\/paragaea.gr\/product\/elia-evoo-250ml\/"},"modified":"2025-07-10T16:09:21","modified_gmt":"2025-07-10T14:09:21","slug":"elia-evoo-250ml","status":"publish","type":"product","link":"https:\/\/paragaea.gr\/ro\/produs\/elia-evoo-250ml\/","title":{"rendered":"Elia EVOO &#8211; 250ml"},"content":{"rendered":"<p>Linia de produse emblematic\u0103 Elia. Acesta este primul ulei de m\u0103sline pe care l-am produs vreodat\u0103. Recolta are loc \u00een luna noiembrie \u0219i decembrie, c\u00e2nd m\u0103slinele sunt \u00eenchise la culoare sau de culoare mixt\u0103. Pentru acest ulei de m\u0103sline extra virgin de varietate unic\u0103, culegem m\u0103sline din cele mai bune livezi de m\u0103sline din Parga, Grecia, \u00een combina\u021bie cu m\u0103sline din propriet\u0103\u021bile noastre Paragaea, Elia aduce toate caracteristicile dietei mediteraneene pe farfuria ta.<\/p>\n<p><strong><span style=\"color: #000000; font-size: 12pt;\">Cump\u0103r\u0103-l \u0219i \u00een conserve de\u00a0<span style=\"color: #598749;\"> <span style=\"color: #88aa5d;\"><a style=\"color: #88aa5d;\" href=\"https:\/\/paragaea.gr\/product\/elia-extra-virgin-olive-oil-1lt\/\">1lt<\/a><\/span><\/span><\/span><\/strong><\/p>\n","protected":false},"excerpt":{"rendered":"<ul>\n<li><strong>Varietate:<\/strong><br \/>\n<em><strong>Lianolia din Parga<\/strong><\/em><\/li>\n<li><strong>Perioada de Recoltare<\/strong><br \/>\n<em><strong>10 Nov &#8211; 30 Nov 2023<\/strong><\/em><\/li>\n<\/ul>\n<p>Este un ulei de m\u0103sline extra virgin bl\u00e2nd, moale, proasp\u0103t \u0219i fructat, cu o textur\u0103 cremoas\u0103 ob\u021binut din m\u0103sline locale prin extrac\u021bie la rece (temperatura procesului men\u021binut\u0103 sub 26\u00b0C). Este u\u0219or de utilizat, destinat consumatorilor care prefer\u0103 arome bl\u00e2nde. Excelent pentru paste, salate \u0219i pentru g\u0103tit.<\/p>\n<p>250ml<\/p>\n<p>Greutate(kg): 0.300<\/p>\n<p><img loading=\"lazy\" class=\"size-medium wp-image-4343 aligncenter\" src=\"https:\/\/paragaea.gr\/wp-content\/uploads\/2021\/03\/gift-eshop-300x300.png\" alt=\"\" width=\"300\" height=\"300\" srcset=\"https:\/\/paragaea.gr\/wp-content\/uploads\/2021\/03\/gift-eshop-300x300.png 300w, https:\/\/paragaea.gr\/wp-content\/uploads\/2021\/03\/gift-eshop-150x150.png 150w, https:\/\/paragaea.gr\/wp-content\/uploads\/2021\/03\/gift-eshop-768x768.png 768w, https:\/\/paragaea.gr\/wp-content\/uploads\/2021\/03\/gift-eshop-600x600.png 600w, https:\/\/paragaea.gr\/wp-content\/uploads\/2021\/03\/gift-eshop-100x100.png 100w, https:\/\/paragaea.gr\/wp-content\/uploads\/2021\/03\/gift-eshop.png 800w\" sizes=\"(max-width: 300px) 100vw, 300px\" \/><\/p>\n","protected":false},"featured_media":5411,"template":"","meta":{"_mi_skip_tracking":false},"acf":[],"_links":{"self":[{"href":"https:\/\/paragaea.gr\/ro\/wp-json\/wp\/v2\/product\/5996"}],"collection":[{"href":"https:\/\/paragaea.gr\/ro\/wp-json\/wp\/v2\/product"}],"about":[{"href":"https:\/\/paragaea.gr\/ro\/wp-json\/wp\/v2\/types\/product"}],"wp:featuredmedia":[{"embeddable":true,"href":"https:\/\/paragaea.gr\/ro\/wp-json\/wp\/v2\/media\/5411"}],"wp:attachment":[{"href":"https:\/\/paragaea.gr\/ro\/wp-json\/wp\/v2\/media?parent=5996"}],"curies":[{"name":"wp","href":"https:\/\/api.w.org\/{rel}","templated":true}]}}