{"id":6021,"date":"2025-03-26T11:37:42","date_gmt":"2025-03-26T09:37:42","guid":{"rendered":"https:\/\/paragaea.gr\/product\/rasnita-cu-sare-de-mare-si-ierburi-mediteraneene-160g\/"},"modified":"2025-03-26T11:37:42","modified_gmt":"2025-03-26T09:37:42","slug":"rasnita-cu-sare-de-mare-si-ierburi-mediteraneene-160g","status":"publish","type":"product","link":"https:\/\/paragaea.gr\/ro\/produs\/rasnita-cu-sare-de-mare-si-ierburi-mediteraneene-160g\/","title":{"rendered":"R\u00c2\u0218NI\u021a\u0102 CU SARE DE MARE \u0218I IERBURI MEDITERANEENE &#8211; 160g"},"content":{"rendered":"<p><span style=\"font-weight: 400;\">Fiind noi \u00een\u0219ine entuzia\u0219ti ai m\u00e2nc\u0103rii \u0219i pasiona\u021bi de gastronomie, am decis s\u0103 adun\u0103m toate minunile zonei noastre \u00een categoria Produse Alimentare. Produsele sunt furnizate de produc\u0103tori locali, independen\u021bi, care r\u0103m\u00e2n fideli a ceea ce \u0219tiu cel mai bine \u0219i aduc aprobarea de calitate Paragaea.<\/span><\/p>\n<p><em><span style=\"font-weight: 400;\">Lista cu produse de delicatese grece\u0219ti va fi actualizat\u0103 regulat.<\/span><\/em><\/p>\n","protected":false},"excerpt":{"rendered":"<ul>\n<li>Produc\u0103tor: <a href=\"https:\/\/www.saltodyssey.com\/en\">Salt Odyssey<\/a><\/li>\n<li>Loca\u021bie: Messolonghi, Grecia<\/li>\n<\/ul>\n<p>Sare de mare 100% natural\u0103 din Messolonghi. Cu ierburi mediteraneene. Sare 90%, amestec de condimente 10% (ro\u0219ii, ardei ro\u0219u, rozmarin, oregano).<\/p>\n<p>\u00cencerca\u021bi-o pe ro\u0219ii crude, salate grece\u0219ti, carne la gr\u0103tar, p\u0103s\u0103ri \u0219i pe\u0219te. Ideal\u0103 pentru marinarea at\u00e2t a pe\u0219telui, c\u00e2t \u0219i a c\u0103rnii.<\/p>\n<p><img loading=\"lazy\" class=\"size-medium wp-image-4343 aligncenter\" src=\"https:\/\/paragaea.gr\/wp-content\/uploads\/2021\/03\/gift-eshop-300x300.png\" alt=\"\" width=\"300\" height=\"300\" srcset=\"https:\/\/paragaea.gr\/wp-content\/uploads\/2021\/03\/gift-eshop-300x300.png 300w, https:\/\/paragaea.gr\/wp-content\/uploads\/2021\/03\/gift-eshop-150x150.png 150w, https:\/\/paragaea.gr\/wp-content\/uploads\/2021\/03\/gift-eshop-768x768.png 768w, https:\/\/paragaea.gr\/wp-content\/uploads\/2021\/03\/gift-eshop-600x600.png 600w, https:\/\/paragaea.gr\/wp-content\/uploads\/2021\/03\/gift-eshop-100x100.png 100w, https:\/\/paragaea.gr\/wp-content\/uploads\/2021\/03\/gift-eshop.png 800w\" sizes=\"(max-width: 300px) 100vw, 300px\" \/><\/p>\n","protected":false},"featured_media":5476,"template":"","meta":{"_mi_skip_tracking":false},"acf":[],"_links":{"self":[{"href":"https:\/\/paragaea.gr\/ro\/wp-json\/wp\/v2\/product\/6021"}],"collection":[{"href":"https:\/\/paragaea.gr\/ro\/wp-json\/wp\/v2\/product"}],"about":[{"href":"https:\/\/paragaea.gr\/ro\/wp-json\/wp\/v2\/types\/product"}],"wp:featuredmedia":[{"embeddable":true,"href":"https:\/\/paragaea.gr\/ro\/wp-json\/wp\/v2\/media\/5476"}],"wp:attachment":[{"href":"https:\/\/paragaea.gr\/ro\/wp-json\/wp\/v2\/media?parent=6021"}],"curies":[{"name":"wp","href":"https:\/\/api.w.org\/{rel}","templated":true}]}}