{"id":6022,"date":"2025-03-26T11:37:42","date_gmt":"2025-03-26T09:37:42","guid":{"rendered":"https:\/\/paragaea.gr\/product\/sare-de-mare-afumata-fina-150g\/"},"modified":"2025-07-10T14:38:59","modified_gmt":"2025-07-10T12:38:59","slug":"sare-de-mare-afumata-fina-150g","status":"publish","type":"product","link":"https:\/\/paragaea.gr\/ro\/produs\/sare-de-mare-afumata-fina-150g\/","title":{"rendered":"SARE DE MARE AFUMAT\u0102 FIN\u0102 &#8211; 150g"},"content":{"rendered":"<p><span style=\"font-weight: 400;\">Fiind noi \u00een\u0219ine entuzia\u0219ti ai m\u00e2nc\u0103rii \u0219i pasiona\u021bi de gastronomie, am decis s\u0103 adun\u0103m toate minunile din zona noastr\u0103 \u00een categoria Produse Alimentare. Produsele sunt ob\u021binute de la produc\u0103tori locali, independen\u021bi, care r\u0103m\u00e2n fideli a ceea ce \u0219tiu cel mai bine \u0219i aduc aprobarea de calitate Paragaea.<\/span><\/p>\n<p><em><span style=\"font-weight: 400;\">Lista cu produsele delicateselor grece\u0219ti va fi actualizat\u0103 regulat.<\/span><\/em><\/p>\n","protected":false},"excerpt":{"rendered":"<ul>\n<li>Produc\u0103tor: <a href=\"https:\/\/www.saltodyssey.com\/en\">Salt Odyssey<\/a><\/li>\n<li>Loca\u021bie: Messolonghi, Grecia<\/li>\n<\/ul>\n<p data-start=\"0\" data-end=\"216\">Cel mai bun \u0219i premiat sortiment de sare gourmet este ob\u021binut prin afumarea natural\u0103 a s\u0103rii de mare pure, timp de 140 de ore, cu lemn de fag real, pentru a crea o sare afumat\u0103 intens\u0103, bogat\u0103 \u0219i extrem de aromat\u0103.<\/p>\n<p data-start=\"218\" data-end=\"393\">Procesul de afumare la rece, 100% natural, f\u0103r\u0103 arome artificiale sau coloran\u021bi, face ca aceast\u0103 sare excep\u021bional\u0103 s\u0103 fie ideal\u0103 pentru carne, leguminoase, cartofi sau supe.<\/p>\n<p data-start=\"395\" data-end=\"599\" data-is-last-node=\"\" data-is-only-node=\"\">Este apreciat\u0103 de vegetarieni \u0219i vegani din \u00eentreaga lume pentru gustul s\u0103u natural asem\u0103n\u0103tor cu cel al baconului \u0219i pentru aroma afumat\u0103 intens\u0103, care duce buc\u0103t\u0103ria vegetarian\u0103 la un nou nivel special.<\/p>\n<p><img loading=\"lazy\" class=\"size-medium wp-image-4343 aligncenter\" src=\"https:\/\/paragaea.gr\/wp-content\/uploads\/2021\/03\/gift-eshop-300x300.png\" alt=\"\" width=\"300\" height=\"300\" srcset=\"https:\/\/paragaea.gr\/wp-content\/uploads\/2021\/03\/gift-eshop-300x300.png 300w, https:\/\/paragaea.gr\/wp-content\/uploads\/2021\/03\/gift-eshop-150x150.png 150w, https:\/\/paragaea.gr\/wp-content\/uploads\/2021\/03\/gift-eshop-768x768.png 768w, https:\/\/paragaea.gr\/wp-content\/uploads\/2021\/03\/gift-eshop-600x600.png 600w, https:\/\/paragaea.gr\/wp-content\/uploads\/2021\/03\/gift-eshop-100x100.png 100w, https:\/\/paragaea.gr\/wp-content\/uploads\/2021\/03\/gift-eshop.png 800w\" sizes=\"(max-width: 300px) 100vw, 300px\" \/><\/p>\n","protected":false},"featured_media":5098,"template":"","meta":{"_mi_skip_tracking":false},"acf":[],"_links":{"self":[{"href":"https:\/\/paragaea.gr\/ro\/wp-json\/wp\/v2\/product\/6022"}],"collection":[{"href":"https:\/\/paragaea.gr\/ro\/wp-json\/wp\/v2\/product"}],"about":[{"href":"https:\/\/paragaea.gr\/ro\/wp-json\/wp\/v2\/types\/product"}],"wp:featuredmedia":[{"embeddable":true,"href":"https:\/\/paragaea.gr\/ro\/wp-json\/wp\/v2\/media\/5098"}],"wp:attachment":[{"href":"https:\/\/paragaea.gr\/ro\/wp-json\/wp\/v2\/media?parent=6022"}],"curies":[{"name":"wp","href":"https:\/\/api.w.org\/{rel}","templated":true}]}}