{"id":6023,"date":"2025-03-26T11:37:42","date_gmt":"2025-03-26T09:37:42","guid":{"rendered":"https:\/\/paragaea.gr\/product\/o-calatorie-a-sarurilor-editia-greca\/"},"modified":"2025-07-10T14:36:44","modified_gmt":"2025-07-10T12:36:44","slug":"o-calatorie-a-sarurilor-editia-greca","status":"publish","type":"product","link":"https:\/\/paragaea.gr\/ro\/produs\/o-calatorie-a-sarurilor-editia-greca\/","title":{"rendered":"O C\u0102L\u0102TORIE A S\u0102RURILOR, EDI\u021aIA GREC\u0102"},"content":{"rendered":"<p><span style=\"font-weight: 400;\">Fiind noi \u00een\u0219ine entuzia\u0219ti ai m\u00e2nc\u0103rii \u0219i pasiona\u021bi de gastronomie, am decis s\u0103 adun\u0103m toate minunile din zona noastr\u0103 \u00een categoria Produse Alimentare. Produsele sunt provenite de la produc\u0103tori locali, independen\u021bi, care r\u0103m\u00e2n fideli a ceea ce \u0219tiu cel mai bine \u0219i aduc aprobarea de calitate Paragaea.<\/span><\/p>\n<p><em><span style=\"font-weight: 400;\">Lista cu produse delicatesuri grece\u0219ti va fi actualizat\u0103 regulat.<\/span><\/em><\/p>\n","protected":false},"excerpt":{"rendered":"<ul>\n<li>Produc\u0103tor: <a href=\"https:\/\/www.saltodyssey.com\/en\">Salt Odyssey<\/a><\/li>\n<li>Loca\u021bie: Messolonghi, Grecia<\/li>\n<\/ul>\n<p>Selec\u021bie de patru dintre cele mai fine s\u0103ruri grece\u0219ti, \u00eentr-un singur ambalaj.<\/p>\n<p>Setul include:<\/p>\n<ul>\n<li>Sare de mare premium<\/li>\n<li>\u00a0Sare de mare cu paprika afumat\u0103<\/li>\n<li>\u00a0Sare de mare afumat\u0103<\/li>\n<li>Fleur de sel<\/li>\n<\/ul>\n<p><img loading=\"lazy\" class=\"size-medium wp-image-4343 aligncenter\" src=\"https:\/\/paragaea.gr\/wp-content\/uploads\/2021\/03\/gift-eshop-300x300.png\" alt=\"\" width=\"300\" height=\"300\" srcset=\"https:\/\/paragaea.gr\/wp-content\/uploads\/2021\/03\/gift-eshop-300x300.png 300w, https:\/\/paragaea.gr\/wp-content\/uploads\/2021\/03\/gift-eshop-150x150.png 150w, https:\/\/paragaea.gr\/wp-content\/uploads\/2021\/03\/gift-eshop-768x768.png 768w, https:\/\/paragaea.gr\/wp-content\/uploads\/2021\/03\/gift-eshop-600x600.png 600w, https:\/\/paragaea.gr\/wp-content\/uploads\/2021\/03\/gift-eshop-100x100.png 100w, https:\/\/paragaea.gr\/wp-content\/uploads\/2021\/03\/gift-eshop.png 800w\" sizes=\"(max-width: 300px) 100vw, 300px\" \/><\/p>\n","protected":false},"featured_media":5096,"template":"","meta":{"_mi_skip_tracking":false},"acf":[],"_links":{"self":[{"href":"https:\/\/paragaea.gr\/ro\/wp-json\/wp\/v2\/product\/6023"}],"collection":[{"href":"https:\/\/paragaea.gr\/ro\/wp-json\/wp\/v2\/product"}],"about":[{"href":"https:\/\/paragaea.gr\/ro\/wp-json\/wp\/v2\/types\/product"}],"wp:featuredmedia":[{"embeddable":true,"href":"https:\/\/paragaea.gr\/ro\/wp-json\/wp\/v2\/media\/5096"}],"wp:attachment":[{"href":"https:\/\/paragaea.gr\/ro\/wp-json\/wp\/v2\/media?parent=6023"}],"curies":[{"name":"wp","href":"https:\/\/api.w.org\/{rel}","templated":true}]}}