{"id":6024,"date":"2025-03-26T11:37:44","date_gmt":"2025-03-26T09:37:44","guid":{"rendered":"https:\/\/paragaea.gr\/product\/fulgi-naturali-de-sare-de-mare\/"},"modified":"2025-07-10T14:34:25","modified_gmt":"2025-07-10T12:34:25","slug":"fulgi-naturali-de-sare-de-mare","status":"publish","type":"product","link":"https:\/\/paragaea.gr\/ro\/produs\/fulgi-naturali-de-sare-de-mare\/","title":{"rendered":"FULGI NATURALI DE SARE DE MARE"},"content":{"rendered":"<p><span style=\"font-weight: 400;\">Fiind noi \u00een\u0219ine entuzia\u0219ti ai gastronomiei \u0219i pasiona\u021bi de m\u00e2ncare, am decis s\u0103 adun\u0103m toate minunile din zona noastr\u0103 \u00een categoria Produse Alimentare. Produsele sunt ob\u021binute de la produc\u0103tori locali \u0219i independen\u021bi, care r\u0103m\u00e2n fideli a ceea ce \u0219tiu cel mai bine \u0219i aduc aprobarea de calitate Paragaea.<\/span><\/p>\n<p><em><span style=\"font-weight: 400;\">Lista cu produse de delicatese grece\u0219ti va fi actualizat\u0103 regulat.<\/span><\/em><\/p>\n","protected":false},"excerpt":{"rendered":"<ul>\n<li>Produc\u0103tor: <a href=\"https:\/\/www.saltodyssey.com\/en\">Salt Odyssey<\/a><\/li>\n<li>Loca\u021bie: Messolonghi, Grecia<\/li>\n<\/ul>\n<p>Un fulg pur \u0219i natural de sare de mare. Complementul ideal pentru crea\u021biile tale culinare.<\/p>\n<p>Aceast\u0103 sare crocant\u0103, cu un gust curat \u0219i \u00een form\u0103 de piramid\u0103 este folosit\u0103 ca sare de finisare sau ad\u0103ugat\u0103 la finalul g\u0103titului. Pur \u0219i simplu zdrobe\u0219te u\u0219or cristalele \u00eentre degete \u0219i presar\u0103-le peste carne, pe\u0219te, pui, paste, legume sau salate.<\/p>\n<p><img loading=\"lazy\" class=\"size-medium wp-image-4343 aligncenter\" src=\"https:\/\/paragaea.gr\/wp-content\/uploads\/2021\/03\/gift-eshop-300x300.png\" alt=\"\" width=\"300\" height=\"300\" srcset=\"https:\/\/paragaea.gr\/wp-content\/uploads\/2021\/03\/gift-eshop-300x300.png 300w, https:\/\/paragaea.gr\/wp-content\/uploads\/2021\/03\/gift-eshop-150x150.png 150w, https:\/\/paragaea.gr\/wp-content\/uploads\/2021\/03\/gift-eshop-768x768.png 768w, https:\/\/paragaea.gr\/wp-content\/uploads\/2021\/03\/gift-eshop-600x600.png 600w, https:\/\/paragaea.gr\/wp-content\/uploads\/2021\/03\/gift-eshop-100x100.png 100w, https:\/\/paragaea.gr\/wp-content\/uploads\/2021\/03\/gift-eshop.png 800w\" sizes=\"(max-width: 300px) 100vw, 300px\" \/><\/p>\n","protected":false},"featured_media":5093,"template":"","meta":{"_mi_skip_tracking":false},"acf":[],"_links":{"self":[{"href":"https:\/\/paragaea.gr\/ro\/wp-json\/wp\/v2\/product\/6024"}],"collection":[{"href":"https:\/\/paragaea.gr\/ro\/wp-json\/wp\/v2\/product"}],"about":[{"href":"https:\/\/paragaea.gr\/ro\/wp-json\/wp\/v2\/types\/product"}],"wp:featuredmedia":[{"embeddable":true,"href":"https:\/\/paragaea.gr\/ro\/wp-json\/wp\/v2\/media\/5093"}],"wp:attachment":[{"href":"https:\/\/paragaea.gr\/ro\/wp-json\/wp\/v2\/media?parent=6024"}],"curies":[{"name":"wp","href":"https:\/\/api.w.org\/{rel}","templated":true}]}}