{"id":6025,"date":"2025-03-26T11:37:44","date_gmt":"2025-03-26T09:37:44","guid":{"rendered":"https:\/\/paragaea.gr\/product\/crema-de-noapte\/"},"modified":"2025-07-10T14:03:07","modified_gmt":"2025-07-10T12:03:07","slug":"crema-de-noapte","status":"publish","type":"product","link":"https:\/\/paragaea.gr\/ro\/produs\/crema-de-noapte\/","title":{"rendered":"Crema de noapte"},"content":{"rendered":"<p>Crema de noapte pentru fa\u021b\u0103, cu o combina\u021bie unic\u0103 de aminoacizi \u0219i l\u0103pti\u0219or de matc\u0103. Ingredientele sale includ, de asemenea, pantenol, aloe organic\u0103, ulei de m\u0103sline organic \u0219i vitamina E, toate av\u00e2nd rol de antioxidan\u021bi \u00eempotriva radicalilor liberi responsabili pentru \u00eemb\u0103tr\u00e2nirea \u021besutului. \u00cen plus, proteinele din lapte hidrolizate incluse men\u021bin elasticitatea pielii \u0219i s\u0103n\u0103tatea general\u0103 a acesteia. Aceast\u0103 combina\u021bie hr\u0103ne\u0219te pielea \u00een profunzime, \u00eembun\u0103t\u0103\u021bind structura pielii, \u00een timp ce elimin\u0103 liniile de expresie \u0219i reduce vizibil ridurile.<\/p>\n","protected":false},"excerpt":{"rendered":"<p>Cu ulei de m\u0103sline organic, aloe vera organic\u0103 \u0219i ceai verde. 40ml<\/p>\n<p>Greutate (kg): 0.170<\/p>\n","protected":false},"featured_media":5091,"template":"","meta":{"_mi_skip_tracking":false},"acf":[],"_links":{"self":[{"href":"https:\/\/paragaea.gr\/ro\/wp-json\/wp\/v2\/product\/6025"}],"collection":[{"href":"https:\/\/paragaea.gr\/ro\/wp-json\/wp\/v2\/product"}],"about":[{"href":"https:\/\/paragaea.gr\/ro\/wp-json\/wp\/v2\/types\/product"}],"wp:featuredmedia":[{"embeddable":true,"href":"https:\/\/paragaea.gr\/ro\/wp-json\/wp\/v2\/media\/5091"}],"wp:attachment":[{"href":"https:\/\/paragaea.gr\/ro\/wp-json\/wp\/v2\/media?parent=6025"}],"curies":[{"name":"wp","href":"https:\/\/api.w.org\/{rel}","templated":true}]}}