{"id":6026,"date":"2025-03-26T11:37:44","date_gmt":"2025-03-26T09:37:44","guid":{"rendered":"https:\/\/paragaea.gr\/product\/ulei-de-masaj-pentru-corp\/"},"modified":"2025-03-26T11:37:45","modified_gmt":"2025-03-26T09:37:45","slug":"ulei-de-masaj-pentru-corp","status":"publish","type":"product","link":"https:\/\/paragaea.gr\/ro\/produs\/ulei-de-masaj-pentru-corp\/","title":{"rendered":"Ulei de masaj pentru corp"},"content":{"rendered":"<p>Ulei de masaj cu ulei de m\u0103sline organic, ulei de floarea-soarelui, g\u0103lbenele \u0219i ulei de migdale. Compozi\u021bia sa este ideal\u0103 pentru masajul \u00eentregului corp, iar diversitatea uleiurilor incluse hidrateaz\u0103 profund pielea. Calmeaz\u0103 \u0219i \u00eenmoaie pielea, l\u0103s\u00e2nd o senza\u021bie de relaxare \u0219i odihn\u0103, \u00eempreun\u0103 cu un parfum pl\u0103cut.  <\/p>\n<p>\u00a0  <\/p>\n<p>-130ml<\/p>\n","protected":false},"excerpt":{"rendered":"<p>Cu ulei de m\u0103sline organic, aloe vera organic, extract de amarant \u0219i salvie. 200ml  <\/p>\n<p>Greutate(kg): 0.250<\/p>\n","protected":false},"featured_media":5089,"template":"","meta":{"_mi_skip_tracking":false},"acf":[],"_links":{"self":[{"href":"https:\/\/paragaea.gr\/ro\/wp-json\/wp\/v2\/product\/6026"}],"collection":[{"href":"https:\/\/paragaea.gr\/ro\/wp-json\/wp\/v2\/product"}],"about":[{"href":"https:\/\/paragaea.gr\/ro\/wp-json\/wp\/v2\/types\/product"}],"wp:featuredmedia":[{"embeddable":true,"href":"https:\/\/paragaea.gr\/ro\/wp-json\/wp\/v2\/media\/5089"}],"wp:attachment":[{"href":"https:\/\/paragaea.gr\/ro\/wp-json\/wp\/v2\/media?parent=6026"}],"curies":[{"name":"wp","href":"https:\/\/api.w.org\/{rel}","templated":true}]}}