{"id":6027,"date":"2025-03-26T11:37:44","date_gmt":"2025-03-26T09:37:44","guid":{"rendered":"https:\/\/paragaea.gr\/product\/crema-de-fata-pentru-albire\/"},"modified":"2025-07-11T11:00:36","modified_gmt":"2025-07-11T09:00:36","slug":"crema-de-fata-pentru-albire","status":"publish","type":"product","link":"https:\/\/paragaea.gr\/ro\/produs\/crema-de-fata-pentru-albire\/","title":{"rendered":"Crema de fa\u021b\u0103 pentru albire"},"content":{"rendered":"<p>Crema de fa\u021b\u0103 albitoare SPF20 cu ulei de m\u0103sline organic, aloe organic\u0103, alantoin\u0103 \u0219i protec\u021bie solar\u0103 SPF20. Ajut\u0103 la reducerea petelor \u00eentunecate \u0219i a imperfec\u021biunilor. \u00cembun\u0103t\u0103\u021be\u0219te constant str\u0103lucirea pielii prin \u00eendep\u0103rtarea bl\u00e2nd\u0103 a celulelor moarte. Con\u021bine o combina\u021bie de ingrediente active din plante \u0219i extracte care suspend\u0103 produc\u021bia de melanin\u0103 a pielii \u0219i, ca rezultat, pielea dob\u00e2nde\u0219te treptat un ton de culoare uniform, str\u0103lucire \u0219i un aspect tineresc.<\/p>\n<p><strong>40ml<\/strong><\/p>\n","protected":false},"excerpt":{"rendered":"<p>Cu ulei de m\u0103sline organic, aloe organic\u0103, alantoin\u0103 \u0219i protec\u021bie solar\u0103 SPF20. 40ml<\/p>\n","protected":false},"featured_media":5087,"template":"","meta":{"_mi_skip_tracking":false},"acf":[],"_links":{"self":[{"href":"https:\/\/paragaea.gr\/ro\/wp-json\/wp\/v2\/product\/6027"}],"collection":[{"href":"https:\/\/paragaea.gr\/ro\/wp-json\/wp\/v2\/product"}],"about":[{"href":"https:\/\/paragaea.gr\/ro\/wp-json\/wp\/v2\/types\/product"}],"wp:featuredmedia":[{"embeddable":true,"href":"https:\/\/paragaea.gr\/ro\/wp-json\/wp\/v2\/media\/5087"}],"wp:attachment":[{"href":"https:\/\/paragaea.gr\/ro\/wp-json\/wp\/v2\/media?parent=6027"}],"curies":[{"name":"wp","href":"https:\/\/api.w.org\/{rel}","templated":true}]}}