{"id":6278,"date":"2021-03-01T14:06:42","date_gmt":"2025-03-26T11:34:29","guid":{"rendered":"https:\/\/paragaea.gr\/product\/ulei-de-masline-cu-aroma-de-lamaie-aegis-gourmet-2\/"},"modified":"2025-03-26T13:34:42","modified_gmt":"2025-03-26T11:34:42","slug":"ulei-de-masline-cu-aroma-de-lamaie-aegis-gourmet-2","status":"publish","type":"product","link":"https:\/\/paragaea.gr\/ro\/produs\/ulei-de-masline-cu-aroma-de-lamaie-aegis-gourmet-2\/","title":{"rendered":"Ulei de m\u0103sline cu arom\u0103 de l\u0103m\u00e2ie Aegis Gourmet"},"content":{"rendered":"","protected":false},"excerpt":{"rendered":"<p>L\u0103m\u00e2ile proaspete \u00eentregi din gr\u0103dinile din Parga aromatizeaz\u0103 acest ulei de m\u0103sline de \u00eenalt\u0103 calitate \u00een timpul procesului de extrac\u021bie.<br \/>\nAroma coajei este foarte proasp\u0103t\u0103, vie \u0219i \u00een armonie perfect\u0103 cu aromele frumoase ale uleiului de m\u0103sline.<\/p>\n<p>250ml<\/p>\n<p><img loading=\"lazy\" class=\"size-medium wp-image-4343 aligncenter\" src=\"https:\/\/paragaea.gr\/wp-content\/uploads\/2021\/03\/gift-eshop-300x300.png\" alt=\"\" width=\"300\" height=\"300\" srcset=\"https:\/\/paragaea.gr\/wp-content\/uploads\/2021\/03\/gift-eshop-300x300.png 300w, https:\/\/paragaea.gr\/wp-content\/uploads\/2021\/03\/gift-eshop-150x150.png 150w, https:\/\/paragaea.gr\/wp-content\/uploads\/2021\/03\/gift-eshop-768x768.png 768w, https:\/\/paragaea.gr\/wp-content\/uploads\/2021\/03\/gift-eshop-600x600.png 600w, https:\/\/paragaea.gr\/wp-content\/uploads\/2021\/03\/gift-eshop-100x100.png 100w, https:\/\/paragaea.gr\/wp-content\/uploads\/2021\/03\/gift-eshop.png 800w\" sizes=\"(max-width: 300px) 100vw, 300px\" \/><\/p>\n","protected":false},"featured_media":5379,"template":"","meta":{"_mi_skip_tracking":false},"acf":[],"_links":{"self":[{"href":"https:\/\/paragaea.gr\/ro\/wp-json\/wp\/v2\/product\/6278"}],"collection":[{"href":"https:\/\/paragaea.gr\/ro\/wp-json\/wp\/v2\/product"}],"about":[{"href":"https:\/\/paragaea.gr\/ro\/wp-json\/wp\/v2\/types\/product"}],"wp:featuredmedia":[{"embeddable":true,"href":"https:\/\/paragaea.gr\/ro\/wp-json\/wp\/v2\/media\/5379"}],"wp:attachment":[{"href":"https:\/\/paragaea.gr\/ro\/wp-json\/wp\/v2\/media?parent=6278"}],"curies":[{"name":"wp","href":"https:\/\/api.w.org\/{rel}","templated":true}]}}