{"id":6279,"date":"2021-03-01T14:06:06","date_gmt":"2025-03-26T11:37:34","guid":{"rendered":"https:\/\/paragaea.gr\/product\/dressing-balsamic-aegis-gourmet-2\/"},"modified":"2025-07-10T15:53:41","modified_gmt":"2025-07-10T13:53:41","slug":"balsamic-dressing-aegis-gourmet-2","status":"publish","type":"product","link":"https:\/\/paragaea.gr\/ro\/produs\/balsamic-dressing-aegis-gourmet-2\/","title":{"rendered":"Dressing balsamic Aegis Gourmet"},"content":{"rendered":"","protected":false},"excerpt":{"rendered":"<p>O\u021bet balsamic, ulei de m\u0103sline cu arom\u0103 de portocale \u0219i pu\u021bin usturoi, frumos amestecate cu Elia EVOO \u0219i aroma<br \/>\neste at\u00e2t de bogat\u0103 \u00eenc\u00e2t face fiecare salat\u0103 at\u00e2t de delicioas\u0103, este, de asemenea, sosul perfect pentru carnea de vit\u0103 \u0219i porc cu ceap\u0103 caramelizat\u0103.<br \/>\nGreutate (kg): 0.47<br \/>\n230ml<\/p>\n","protected":false},"featured_media":6182,"template":"","meta":{"_mi_skip_tracking":false},"acf":[],"_links":{"self":[{"href":"https:\/\/paragaea.gr\/ro\/wp-json\/wp\/v2\/product\/6279"}],"collection":[{"href":"https:\/\/paragaea.gr\/ro\/wp-json\/wp\/v2\/product"}],"about":[{"href":"https:\/\/paragaea.gr\/ro\/wp-json\/wp\/v2\/types\/product"}],"wp:featuredmedia":[{"embeddable":true,"href":"https:\/\/paragaea.gr\/ro\/wp-json\/wp\/v2\/media\/6182"}],"wp:attachment":[{"href":"https:\/\/paragaea.gr\/ro\/wp-json\/wp\/v2\/media?parent=6279"}],"curies":[{"name":"wp","href":"https:\/\/api.w.org\/{rel}","templated":true}]}}