{"id":6280,"date":"2021-03-01T14:06:42","date_gmt":"2025-03-26T11:38:48","guid":{"rendered":"https:\/\/paragaea.gr\/product\/ulei-de-masline-cu-aroma-de-oregano-aegis-gourmet\/"},"modified":"2025-03-26T13:38:48","modified_gmt":"2025-03-26T11:38:48","slug":"oregano-flavored-olive-oil-aegis-gourmet-2","status":"publish","type":"product","link":"https:\/\/paragaea.gr\/ro\/produs\/oregano-flavored-olive-oil-aegis-gourmet-2\/","title":{"rendered":"Ulei de m\u0103sline cu arom\u0103 de oregano Aegis Gourmet"},"content":{"rendered":"","protected":false},"excerpt":{"rendered":"<p>Ramurile uscate de oregano de pe dealurile din Parga aromatizeaz\u0103 acest ulei de m\u0103sline de calitate superioar\u0103 timp de o s\u0103pt\u0103m\u00e2n\u0103 \u00eenainte de a ajunge pe masa dumneavoastr\u0103.<br \/>\nAroma caracteristic\u0103 de oregano se combin\u0103 perfect cu aromele uleiului de m\u0103sline pentru o experien\u021b\u0103 gustativ\u0103 de neuitat.<br \/>\n250ml<\/p>\n<p><img loading=\"lazy\" class=\"size-medium wp-image-4343 aligncenter\" src=\"https:\/\/paragaea.gr\/wp-content\/uploads\/2021\/03\/gift-eshop-300x300.png\" alt=\"\" width=\"300\" height=\"300\" srcset=\"https:\/\/paragaea.gr\/wp-content\/uploads\/2021\/03\/gift-eshop-300x300.png 300w, https:\/\/paragaea.gr\/wp-content\/uploads\/2021\/03\/gift-eshop-150x150.png 150w, https:\/\/paragaea.gr\/wp-content\/uploads\/2021\/03\/gift-eshop-768x768.png 768w, https:\/\/paragaea.gr\/wp-content\/uploads\/2021\/03\/gift-eshop-600x600.png 600w, https:\/\/paragaea.gr\/wp-content\/uploads\/2021\/03\/gift-eshop-100x100.png 100w, https:\/\/paragaea.gr\/wp-content\/uploads\/2021\/03\/gift-eshop.png 800w\" sizes=\"(max-width: 300px) 100vw, 300px\" \/><\/p>\n<p>&nbsp;<\/p>\n","protected":false},"featured_media":4890,"template":"","meta":{"_mi_skip_tracking":false},"acf":[],"_links":{"self":[{"href":"https:\/\/paragaea.gr\/ro\/wp-json\/wp\/v2\/product\/6280"}],"collection":[{"href":"https:\/\/paragaea.gr\/ro\/wp-json\/wp\/v2\/product"}],"about":[{"href":"https:\/\/paragaea.gr\/ro\/wp-json\/wp\/v2\/types\/product"}],"wp:featuredmedia":[{"embeddable":true,"href":"https:\/\/paragaea.gr\/ro\/wp-json\/wp\/v2\/media\/4890"}],"wp:attachment":[{"href":"https:\/\/paragaea.gr\/ro\/wp-json\/wp\/v2\/media?parent=6280"}],"curies":[{"name":"wp","href":"https:\/\/api.w.org\/{rel}","templated":true}]}}