{"id":6281,"date":"2021-03-01T14:06:06","date_gmt":"2025-03-26T11:42:02","guid":{"rendered":"https:\/\/paragaea.gr\/product\/aegis-gourmet-evoo-sticla-de-375-ml\/"},"modified":"2025-07-10T11:43:30","modified_gmt":"2025-07-10T09:43:30","slug":"aegis-gourmet-evoo-glass-2","status":"publish","type":"product","link":"https:\/\/paragaea.gr\/ro\/produs\/aegis-gourmet-evoo-glass-2\/","title":{"rendered":"Aegis Gourmet EVOO &#8211; Sticl\u0103 de 375 ml"},"content":{"rendered":"<ul>\n<li>100% etichet\u0103 gravat\u0103<\/li>\n<li>Sticl\u0103 neagr\u0103 mat\u0103<\/li>\n<\/ul>\n","protected":false},"excerpt":{"rendered":"<blockquote><p><span style=\"font-size: 16px;\">Aegis Gourmet c\u00e2\u0219tig\u0103 Premiul de Aur pe cea mai mare scen\u0103 a uleiului de m\u0103sline!<\/span><span class=\"x3nfvp2 x1j61x8r x1fcty0u xdj266r xhhsvwb xat24cr xgzva0m xxymvpz xlup9mm x1kky2od\" style=\"font-size: 16px;\"><img loading=\"lazy\" src=\"https:\/\/static.xx.fbcdn.net\/images\/emoji.php\/v9\/t5d\/2\/16\/1f3c6.png\" alt=\"\ud83c\udfc6\" width=\"16\" height=\"16\" \/><\/span><span class=\"x3nfvp2 x1j61x8r x1fcty0u xdj266r xhhsvwb xat24cr xgzva0m xxymvpz xlup9mm x1kky2od\" style=\"font-size: 16px;\"><img loading=\"lazy\" src=\"https:\/\/static.xx.fbcdn.net\/images\/emoji.php\/v9\/t33\/2\/16\/1f947.png\" alt=\"\ud83e\udd47\" width=\"16\" height=\"16\" \/><\/span><img loading=\"lazy\" class=\" wp-image-4132 aligncenter\" src=\"https:\/\/paragaea.gr\/wp-content\/uploads\/2021\/03\/NY-2023-trans-300x193.png\" alt=\"NY 2023\" width=\"277\" height=\"178\" srcset=\"https:\/\/paragaea.gr\/wp-content\/uploads\/2021\/03\/NY-2023-trans-300x193.png 300w, https:\/\/paragaea.gr\/wp-content\/uploads\/2021\/03\/NY-2023-trans-1024x658.png 1024w, https:\/\/paragaea.gr\/wp-content\/uploads\/2021\/03\/NY-2023-trans-768x493.png 768w, https:\/\/paragaea.gr\/wp-content\/uploads\/2021\/03\/NY-2023-trans-600x386.png 600w, https:\/\/paragaea.gr\/wp-content\/uploads\/2021\/03\/NY-2023-trans.png 1284w\" sizes=\"(max-width: 277px) 100vw, 277px\" \/><\/p>\n<div dir=\"auto\"><\/div>\n<div dir=\"auto\">\u201eC\u00e2\u0219tigarea acestui premiu la New York ne aduce satisfac\u021bie \u0219i recompenseaz\u0103 tot efortul depus \u00een c\u00e2mp, la recoltare \u0219i \u00een moara de ulei pentru a crea cel mai \u00eenalt nivel de calitate \u00een uleiul nostru de m\u0103sline extra virgin!<br \/>\nAcest premiu ne motiveaz\u0103 \u0219i ne umple de energie pentru a continua \u00een fiecare zi, de asemenea, ajut\u0103 la promovarea m\u0103rcii noastre \u0219i a regiunii noastre \u00een \u00eentreaga lume \u201d<\/div>\n<\/blockquote>\n<p>&nbsp;<\/p>\n<h3>Varietate: Lianoelia din Parga<\/h3>\n<h3 class=\"x11i5rnm xat24cr x1mh8g0r x1vvkbs xtlvy1s x126k92a\">Perioada de recoltare: 15 octombrie &#8211; 30 octombrie 2024<\/h3>\n<p>&nbsp;<\/p>\n<p>Acest ulei de m\u0103sline extra virgin (EVOO) este realizat exclusiv din varietatea local\u0103 Lianolia din Parga, din propriet\u0103\u021bile Paragaea. Recolta \u00eencepe la sf\u00e2r\u0219itul lunii octombrie, c\u00e2nd m\u0103slinele sunt \u00eenc\u0103 verzi, iar con\u021binutul de polifenoli este \u00eenc\u0103 ridicat. Este ob\u021binut prin extrac\u021bie la rece (temperatura procesului men\u021binut\u0103 sub 26\u00b0C), rezult\u00e2nd un ulei extra virgin cu un gust fructat mediu spre ridicat, pu\u021bin amar \u0219i picant.<\/p>\n<p>Pentru a fi folosit la salate \u0219i fripturi sau ca ulei de finisare, contribuind cu un excelent gust \u0219i nutrien\u021bi pre\u021bio\u0219i.<\/p>\n<p>Greutate (kg): 0.900<\/p>\n<p><img loading=\"lazy\" class=\"size-medium wp-image-4343 aligncenter\" src=\"https:\/\/paragaea.gr\/wp-content\/uploads\/2021\/03\/gift-eshop-300x300.png\" alt=\"\" width=\"300\" height=\"300\" srcset=\"https:\/\/paragaea.gr\/wp-content\/uploads\/2021\/03\/gift-eshop-300x300.png 300w, https:\/\/paragaea.gr\/wp-content\/uploads\/2021\/03\/gift-eshop-150x150.png 150w, https:\/\/paragaea.gr\/wp-content\/uploads\/2021\/03\/gift-eshop-768x768.png 768w, https:\/\/paragaea.gr\/wp-content\/uploads\/2021\/03\/gift-eshop-600x600.png 600w, https:\/\/paragaea.gr\/wp-content\/uploads\/2021\/03\/gift-eshop-100x100.png 100w, https:\/\/paragaea.gr\/wp-content\/uploads\/2021\/03\/gift-eshop.png 800w\" sizes=\"(max-width: 300px) 100vw, 300px\" \/><\/p>\n<p>&nbsp;<\/p>\n","protected":false},"featured_media":5293,"template":"","meta":{"_mi_skip_tracking":false},"acf":[],"_links":{"self":[{"href":"https:\/\/paragaea.gr\/ro\/wp-json\/wp\/v2\/product\/6281"}],"collection":[{"href":"https:\/\/paragaea.gr\/ro\/wp-json\/wp\/v2\/product"}],"about":[{"href":"https:\/\/paragaea.gr\/ro\/wp-json\/wp\/v2\/types\/product"}],"wp:featuredmedia":[{"embeddable":true,"href":"https:\/\/paragaea.gr\/ro\/wp-json\/wp\/v2\/media\/5293"}],"wp:attachment":[{"href":"https:\/\/paragaea.gr\/ro\/wp-json\/wp\/v2\/media?parent=6281"}],"curies":[{"name":"wp","href":"https:\/\/api.w.org\/{rel}","templated":true}]}}