{"id":6706,"date":"2025-11-07T00:37:05","date_gmt":"2025-11-06T22:37:05","guid":{"rendered":"https:\/\/paragaea.gr\/?post_type=product&#038;p=6706"},"modified":"2026-01-23T16:21:41","modified_gmt":"2026-01-23T14:21:41","slug":"aegis-gourmet-unfiltered-high-phenolic-evoo-with-health-claim-2-x-375ml","status":"publish","type":"product","link":"https:\/\/paragaea.gr\/ro\/produs\/aegis-gourmet-unfiltered-high-phenolic-evoo-with-health-claim-2-x-375ml\/","title":{"rendered":"Aegis Gourmet Unfiltered High Phenolic EVOO with Health Claim &#8211; 2 x 375ml"},"content":{"rendered":"<p><img loading=\"lazy\" class=\"size-medium wp-image-5300 aligncenter\" src=\"https:\/\/paragaea.gr\/wp-content\/uploads\/2021\/03\/gift-eshop-300x300.png\" alt=\"\" width=\"300\" height=\"300\" srcset=\"https:\/\/paragaea.gr\/wp-content\/uploads\/2021\/03\/gift-eshop-300x300.png 300w, https:\/\/paragaea.gr\/wp-content\/uploads\/2021\/03\/gift-eshop-150x150.png 150w, https:\/\/paragaea.gr\/wp-content\/uploads\/2021\/03\/gift-eshop-768x768.png 768w, https:\/\/paragaea.gr\/wp-content\/uploads\/2021\/03\/gift-eshop-600x600.png 600w, https:\/\/paragaea.gr\/wp-content\/uploads\/2021\/03\/gift-eshop-100x100.png 100w, https:\/\/paragaea.gr\/wp-content\/uploads\/2021\/03\/gift-eshop.png 800w\" sizes=\"(max-width: 300px) 100vw, 300px\" \/><\/p>\n","protected":false},"excerpt":{"rendered":"<blockquote>\n<ul>\n<li>EU Health Claim<\/li>\n<li>Nefiltrat<\/li>\n<li>Fenolic\u0103 ultra \u00eenalt\u0103<\/li>\n<li>Sticl\u0103 neagr\u0103 mat\u0103<\/li>\n<li>Transport gratuit<\/li>\n<\/ul>\n<\/blockquote>\n<h4>Varietate: Lianoelia, Koroneiki, Agrielia din Parga<\/h4>\n<p>&nbsp;<\/p>\n<h4 class=\"x11i5rnm xat24cr x1mh8g0r x1vvkbs xtlvy1s x126k92a\">Harvest Period: <strong>20th Oct &#8211; 25th Oct 2025<\/strong><\/h4>\n<p>&nbsp;<\/p>\n<h4>Location:<a href=\"https:\/\/maps.app.goo.gl\/aG8XJwQrzJGqt6oHA\"><strong> 39.290218285749525, 20.362122406854805<\/strong><\/a><\/h4>\n<p>&nbsp;<\/p>\n<h4>Profil gustativ: <strong>Arome de iarb\u0103 proasp\u0103t t\u0103iat\u0103, nuc\u0103 proasp\u0103t\u0103 \u0219i coaj\u0103 de migdale, ierburi \u0219i sparanghel.<\/strong><\/h4>\n<p>&nbsp;<\/p>\n<p>Mereu m\u00e2na\u021bi de pasiunea pentru p\u0103m\u00e2ntul nostru \u0219i pentru uleiul de m\u0103sline, \u00eencepem recoltarea \u00een luna octombrie a fiec\u0103rui an. Prin munc\u0103 grea, mi\u0219c\u0103ri rapide \u0219i aten\u021bie la detalii \u00een fiecare etap\u0103 a procesului, ne propunem s\u0103 producem un ulei de calitate superioar\u0103. Monitoriz\u00e2nd cu aten\u021bie \u0219i av\u00e2nd grij\u0103 de m\u0103slini pe tot parcursul anului, ne-am propus s\u0103 producem un ulei de m\u0103sline foarte limitat, cu un con\u021binut foarte ridicat de fenoli, care aduce \u0219i o men\u021biune de s\u0103n\u0103tate din partea UE. Ad\u0103ug\u00e2nd la toate cele de mai sus, am decis s\u0103 \u00eel \u00eembutelieze, Nefiltrat! Pur \u0219i natural, at\u00e2t de bogat \u00een polifenoli, at\u00e2t de bogat \u00een arom\u0103!    <\/p>\n<blockquote><p><strong>Revendicare de s\u0103n\u0103tate<\/strong><\/p>\n<p style=\"font-weight: 400;\">Consumul zilnic de 20 g din acest ulei de m\u0103sline contribuie la protec\u021bia lipidelor din s\u00e2nge \u00eempotriva stresului oxidativ<\/p>\n<p>Polifenolii din uleiul de m\u0103sline contribuie la protec\u021bia lipidelor din s\u00e2nge \u00eempotriva stresului oxidativ. Aceast\u0103 men\u021biune poate fi utilizat\u0103 numai pentru uleiul de m\u0103sline care con\u021bine cel pu\u021bin 5 mg de hidroxitirosol \u0219i deriva\u021bii s\u0103i (de exemplu, complexul oleuropein \u0219i tirozolul) la 20 g de ulei de m\u0103sline. <\/p><\/blockquote>\n<p>Un ulei de m\u0103sline pentru persoanele care iubesc aromele intense \u0219i care doresc s\u0103 se delecteze cu un superaliment delicios.<\/p>\n<p>Sugerat pentru consum diminea\u021ba pe stomacul gol pentru absorb\u021bia imediat\u0103 a beneficiilor sale pentru s\u0103n\u0103tate.<\/p>\n<h4><strong>A se consuma cel mai bine p\u00e2n\u0103 la 20\/06\/2026<\/strong><\/h4>\n","protected":false},"featured_media":6735,"template":"","meta":{"_mi_skip_tracking":false},"acf":[],"_links":{"self":[{"href":"https:\/\/paragaea.gr\/ro\/wp-json\/wp\/v2\/product\/6706"}],"collection":[{"href":"https:\/\/paragaea.gr\/ro\/wp-json\/wp\/v2\/product"}],"about":[{"href":"https:\/\/paragaea.gr\/ro\/wp-json\/wp\/v2\/types\/product"}],"wp:featuredmedia":[{"embeddable":true,"href":"https:\/\/paragaea.gr\/ro\/wp-json\/wp\/v2\/media\/6735"}],"wp:attachment":[{"href":"https:\/\/paragaea.gr\/ro\/wp-json\/wp\/v2\/media?parent=6706"}],"curies":[{"name":"wp","href":"https:\/\/api.w.org\/{rel}","templated":true}]}}